{"id":102,"date":"2026-01-03T13:55:55","date_gmt":"2026-01-03T12:55:55","guid":{"rendered":"https:\/\/www.assorpdemaistre.wordpress.lemarie.it\/?page_id=102"},"modified":"2026-04-20T10:14:42","modified_gmt":"2026-04-20T08:14:42","slug":"dons","status":"publish","type":"page","link":"https:\/\/www.assorpdemaistre.wordpress.lemarie.it\/index.php\/dons\/","title":{"rendered":"Dons &#8211; Adh\u00e9sions"},"content":{"rendered":"\n<h3 class=\"wp-block-heading\">Plusieurs possibilit\u00e9s vous sont offertes.<\/h3>\n\n\n\n<h3 class=\"wp-block-heading\">Adh\u00e9sion<\/h3>\n\n\n\n<figure class=\"wp-block-table is-style-stripes\"><table><tbody><tr><td><\/td><td><\/td><td>&#8211; Cotisation individuelle<\/td><td>30 \u20ac<\/td><td><\/td><td><\/td><\/tr><tr><td><\/td><td><\/td><td><\/td><td><\/td><td><\/td><td><\/td><\/tr><tr><td><\/td><td><\/td><td>&#8211; Cotisation pour un couple<\/td><td>50 \u20ac<\/td><td><\/td><td><\/td><\/tr><tr><td><\/td><td><\/td><td><\/td><td><\/td><td><\/td><td><\/td><\/tr><tr><td><\/td><td><\/td><td>           Si vous pouvez nous aider davantage&#8230;..<\/td><td><\/td><td><\/td><td><\/td><\/tr><tr><td><\/td><td><\/td><td><\/td><td><\/td><td><\/td><td><\/td><\/tr><tr><td><\/td><td><\/td><td>&#8211; Je fais un don de<\/td><td>&#8230;. \u20ac<\/td><td><\/td><td><\/td><\/tr><tr><td><\/td><td><\/td><td><\/td><td><\/td><td><\/td><td><\/td><\/tr><tr><td><\/td><td><\/td><td>           <strong>Soit un total de<\/strong><\/td><td><strong>&#8230;. \u20ac<\/strong><\/td><td><\/td><td><\/td><\/tr><\/tbody><\/table><\/figure>\n\n\n\n<h3 class=\"wp-block-heading\">D\u00e9duction fiscale<\/h3>\n\n\n\n<p>Vous \u00eates un particulier, votre don ou adh\u00e9sion vous&nbsp;<strong>permet une d\u00e9duction fiscale de 66%<\/strong>, selon les textes en vigueur.<\/p>\n\n\n\n<ul class=\"wp-block-list\">\n<li>Vous cotisez pour\n<ul class=\"wp-block-list\">\n<li>30\u20ac<\/li>\n\n\n\n<li>50\u20ac<\/li>\n\n\n\n<li>100\u20ac<\/li>\n<\/ul>\n<\/li>\n<\/ul>\n\n\n\n<ul class=\"wp-block-list\">\n<li>D\u00e9duction fiscale\n<ul class=\"wp-block-list\">\n<li>66%<\/li>\n\n\n\n<li>66%<\/li>\n\n\n\n<li>66%<\/li>\n<\/ul>\n<\/li>\n<\/ul>\n\n\n\n<ul class=\"wp-block-list\">\n<li>Votre don vous coutera\n<ul class=\"wp-block-list\">\n<li>10\u20ac20<\/li>\n\n\n\n<li>17\u20ac00<\/li>\n\n\n\n<li>34\u20ac00<\/li>\n<\/ul>\n<\/li>\n<\/ul>\n\n\n\n<h3 class=\"wp-block-heading\">Votre r\u00e8glement<\/h3>\n\n\n\n<p><strong>1 \u2013 Par carte bancaire<\/strong>&nbsp;: En ligne s\u00e9curis\u00e9e avec la collaboration du cr\u00e9dit mutuel<\/p>\n\n\n\n<p>Cette option ne n\u00e9cessite pas de remplir le formulaire ci-dessous.<\/p>\n\n\n\n<p><a href=\"https:\/\/www.payassociation.fr\/rpdemaistre\/don\" target=\"_blank\" rel=\"noreferrer noopener\"><strong>Proc\u00e9der au paiement<\/strong><\/a><\/p>\n\n\n\n<p><strong>2 \u2013 Par ch\u00e8que<\/strong>&nbsp;: \u00e0 l\u2019ordre de &nbsp;\u00bb Association RP de Maistre &nbsp;\u00bb \u00e0 envoyer \u00e0<br>13 rue du ch\u00e2teau \u2013 Beaumesnil<br>27410 Mesnil en Ouche<\/p>\n\n\n\n<p>Puis remplir le formulaire ci-dessous.<\/p>\n\n\n\n<p><strong>3 \u2013 Par virement bancaire<\/strong>&nbsp;: IBAN : FR76 1027 8021 5900 0201 4970 117 &amp; B I C : CMCIFR2A<\/p>\n\n\n\n<p>Une fois le virement ordonn\u00e9, veuillez remplir le formulaire ci-dessous.<\/p>\n\n\n\n<hr class=\"wp-block-separator has-alpha-channel-opacity\"\/>\n\n\n\n<p><strong>Formulaire \u00e0 remplir  pour les r\u00e9glements par ch\u00e8que et virement <\/strong>:<\/p>\n\n\n\n<p><\/p>\n\n\n\n<div class=\"wpcf7 no-js\" id=\"wpcf7-f639-o1\" lang=\"fr-FR\" dir=\"ltr\" data-wpcf7-id=\"639\">\n<div class=\"screen-reader-response\"><p role=\"status\" aria-live=\"polite\" aria-atomic=\"true\"><\/p> <ul><\/ul><\/div>\n<form action=\"\/index.php\/wp-json\/wp\/v2\/pages\/102#wpcf7-f639-o1\" method=\"post\" class=\"wpcf7-form init\" aria-label=\"Formulaire de contact\" novalidate=\"novalidate\" data-status=\"init\">\n<fieldset class=\"hidden-fields-container\"><input type=\"hidden\" name=\"_wpcf7\" value=\"639\" \/><input type=\"hidden\" name=\"_wpcf7_version\" value=\"6.1.5\" \/><input type=\"hidden\" name=\"_wpcf7_locale\" value=\"fr_FR\" \/><input type=\"hidden\" name=\"_wpcf7_unit_tag\" value=\"wpcf7-f639-o1\" \/><input type=\"hidden\" name=\"_wpcf7_container_post\" value=\"0\" \/><input type=\"hidden\" name=\"_wpcf7_posted_data_hash\" value=\"\" \/>\n<\/fieldset>\n<p><input class=\"wpcf7-form-control wpcf7-submit has-spinner\" type=\"submit\" value=\"Envoyer\" \/>\n<\/p>\n<p><label> S\u00e9lectionner un type de don<br \/>\n<span class=\"wpcf7-form-control-wrap\" data-name=\"your-type\"><select class=\"wpcf7-form-control wpcf7-select wpcf7-validates-as-required\" aria-required=\"true\" aria-invalid=\"false\" name=\"your-type\"><option value=\"\">&#8212;Veuillez choisir une option&#8212;<\/option><option value=\"Cotisation simple ( 30\u20ac )\">Cotisation simple ( 30\u20ac )<\/option><option value=\"Cotisation couple ( 50\u20ac )\">Cotisation couple ( 50\u20ac )<\/option><option value=\"Don libre\">Don libre<\/option><\/select><\/span> <\/label>\n<\/p>\n<p><label> Si 'Don libre'<br \/>\n<span class=\"wpcf7-form-control-wrap\" data-name=\"your-don\"><input class=\"wpcf7-form-control wpcf7-number wpcf7-validates-as-number\" aria-invalid=\"false\" value=\"0\" type=\"number\" name=\"your-don\" \/><\/span> <\/label>\n<\/p>\n<p><label> S\u00e9lectionner votre mode de paiement<br \/>\n<span class=\"wpcf7-form-control-wrap\" data-name=\"your-mode\"><select class=\"wpcf7-form-control wpcf7-select wpcf7-validates-as-required\" aria-required=\"true\" aria-invalid=\"false\" name=\"your-mode\"><option value=\"\">&#8212;Veuillez choisir une option&#8212;<\/option><option value=\"Ch\u00e8que\">Ch\u00e8que<\/option><option value=\"Virement\">Virement<\/option><option value=\"Autre\">Autre<\/option><\/select><\/span> <\/label>\n<\/p>\n<p><label> Votre nom<br \/>\n<span class=\"wpcf7-form-control-wrap\" data-name=\"your-name\"><input size=\"40\" maxlength=\"400\" class=\"wpcf7-form-control wpcf7-text wpcf7-validates-as-required\" aria-required=\"true\" aria-invalid=\"false\" value=\"\" type=\"text\" name=\"your-name\" \/><\/span> <\/label>\n<\/p>\n<p><label> Votre pr\u00e9nom<br \/>\n<span class=\"wpcf7-form-control-wrap\" data-name=\"your-prename\"><input size=\"40\" maxlength=\"400\" class=\"wpcf7-form-control wpcf7-text wpcf7-validates-as-required\" aria-required=\"true\" aria-invalid=\"false\" value=\"\" type=\"text\" name=\"your-prename\" \/><\/span> <\/label>\n<\/p>\n<p><label> Votre adresse de messagerie<br \/>\n<span class=\"wpcf7-form-control-wrap\" data-name=\"your-email\"><input size=\"40\" maxlength=\"400\" class=\"wpcf7-form-control wpcf7-email wpcf7-validates-as-required wpcf7-text wpcf7-validates-as-email\" aria-required=\"true\" aria-invalid=\"false\" value=\"\" type=\"email\" name=\"your-email\" \/><\/span> <\/label>\n<\/p>\n<p><label> Votre adresse postale<br \/>\n<span class=\"wpcf7-form-control-wrap\" data-name=\"text-460\"><input size=\"40\" maxlength=\"400\" class=\"wpcf7-form-control wpcf7-text wpcf7-validates-as-required\" aria-required=\"true\" aria-invalid=\"false\" placeholder=\"Exemple : 15 Rue des champs - Paris - 93000\" value=\"\" type=\"text\" name=\"text-460\" \/><\/span> <\/label>\n<\/p>\n<p><label> Votre num\u00e9ro de t\u00e9l\u00e9phone<br \/>\n<span class=\"wpcf7-form-control-wrap\" data-name=\"num-tel\"><input size=\"40\" maxlength=\"400\" class=\"wpcf7-form-control wpcf7-text wpcf7-validates-as-required\" aria-required=\"true\" aria-invalid=\"false\" value=\"\" type=\"text\" name=\"num-tel\" \/><\/span> <\/label>\n<\/p>\n<p>Ce site est prot\u00e9g\u00e9 par reCAPTCHA et Google<br \/>\n<a href=\"https:\/\/policies.google.com\/privacy\">Politique de confidentialit\u00e9<\/a> et<br \/>\n<a href=\"https:\/\/policies.google.com\/terms\">Conditions d'utilisation<\/a>.\n<\/p>\n<p><input class=\"wpcf7-form-control wpcf7-submit has-spinner\" type=\"submit\" value=\"Envoyer\" \/>\n<\/p><div class=\"wpcf7-response-output\" aria-hidden=\"true\"><\/div>\n<\/form>\n<\/div>\n\n\n\n\n<p><\/p>\n\n\n\n<p><strong>Un grand MERCI de la part de tous nos jeunes.<\/strong><\/p>\n\n\n\n<p><\/p>\n","protected":false},"excerpt":{"rendered":"<p>Plusieurs possibilit\u00e9s vous sont offertes. Adh\u00e9sion &#8211; Cotisation individuelle 30 \u20ac &#8211; Cotisation pour un couple 50 \u20ac Si vous pouvez nous aider davantage&#8230;.. &#8211; Je fais un don de &#8230;. \u20ac Soit un total de &#8230;. \u20ac D\u00e9duction fiscale Vous \u00eates un particulier, votre don ou adh\u00e9sion vous&nbsp;permet une d\u00e9duction fiscale de 66%, selon&hellip; <br \/> <a class=\"button small blue\" href=\"https:\/\/www.assorpdemaistre.wordpress.lemarie.it\/index.php\/dons\/\">Lire la suite<\/a><\/p>\n","protected":false},"author":1,"featured_media":0,"parent":0,"menu_order":0,"comment_status":"closed","ping_status":"closed","template":"","meta":{"footnotes":""},"class_list":["post-102","page","type-page","status-publish","hentry"],"_links":{"self":[{"href":"https:\/\/www.assorpdemaistre.wordpress.lemarie.it\/index.php\/wp-json\/wp\/v2\/pages\/102","targetHints":{"allow":["GET"]}}],"collection":[{"href":"https:\/\/www.assorpdemaistre.wordpress.lemarie.it\/index.php\/wp-json\/wp\/v2\/pages"}],"about":[{"href":"https:\/\/www.assorpdemaistre.wordpress.lemarie.it\/index.php\/wp-json\/wp\/v2\/types\/page"}],"author":[{"embeddable":true,"href":"https:\/\/www.assorpdemaistre.wordpress.lemarie.it\/index.php\/wp-json\/wp\/v2\/users\/1"}],"replies":[{"embeddable":true,"href":"https:\/\/www.assorpdemaistre.wordpress.lemarie.it\/index.php\/wp-json\/wp\/v2\/comments?post=102"}],"version-history":[{"count":7,"href":"https:\/\/www.assorpdemaistre.wordpress.lemarie.it\/index.php\/wp-json\/wp\/v2\/pages\/102\/revisions"}],"predecessor-version":[{"id":1095,"href":"https:\/\/www.assorpdemaistre.wordpress.lemarie.it\/index.php\/wp-json\/wp\/v2\/pages\/102\/revisions\/1095"}],"wp:attachment":[{"href":"https:\/\/www.assorpdemaistre.wordpress.lemarie.it\/index.php\/wp-json\/wp\/v2\/media?parent=102"}],"curies":[{"name":"wp","href":"https:\/\/api.w.org\/{rel}","templated":true}]}}