{"id":20,"date":"2026-01-02T22:24:41","date_gmt":"2026-01-02T21:24:41","guid":{"rendered":"https:\/\/www.assorpdemaistre.wordpress.lemarie.it\/index.php\/one-page-express\/"},"modified":"2026-04-28T19:10:58","modified_gmt":"2026-04-28T17:10:58","slug":"one-page-express","status":"publish","type":"page","link":"https:\/\/www.assorpdemaistre.wordpress.lemarie.it\/","title":{"rendered":"Front Page"},"content":{"rendered":"<div  data-label=\"Overlapable\" data-id=\"stripped-coloured-icon-boxes\" data-category=\"overlapable\" class=\"features-coloured-icon-boxes-section stripped-coloured-icon-boxes\" data-overlap=\"true\" id=\"overlapable-2\" style=\"background-color: rgb(255, 255, 255);\"> <div  class=\"gridContainer\"> <div  class=\"features-coloured-icon-boxes-innerrow flexbox-list dark-text\" data-type=\"row\"> <div  class=\"features-coloured-icon-boxes-featurecol cp2cols\"> <div  class=\"features-coloured-icon-boxes-iconcontainer\" data-content-item-container=\"true\"> <i  data-cp-fa=\"true\" class=\"features-coloured-icon fa fa-bolt\"><\/i> <\/div> <h4  class=\"\">Association RP de Maistre<\/h4>   <img  decoding=\"async\" class=\"custom-image\" src=\"https:\/\/www.assorpdemaistre.wordpress.lemarie.it\/wp-content\/uploads\/2026\/03\/cropped-cropped-cropped-RPdeMaistre_Logo-1.png\" alt=\"\"><a  class=\"button blue\" href=\"#association\" target=\"_self\">En savoir plus<\/a><\/div> <div  class=\"features-coloured-icon-boxes-featurecol cp2cols\"> <div  class=\"features-coloured-icon-boxes-iconcontainer\" data-content-item-container=\"true\"> <i  data-cp-fa=\"true\" class=\"features-coloured-icon fa fa-cloud\"><\/i> <\/div> <h4  class=\"\">DAME (Dispositif d\u2019accompagnement m\u00e9dico-\u00e9ducatif)<\/h4>   <img  decoding=\"async\" class=\"custom-image\" src=\"https:\/\/www.assorpdemaistre.wordpress.lemarie.it\/wp-content\/uploads\/2026\/03\/Logo-Dame21.png\" alt=\"\"><a  class=\"button blue\" href=\"#dame\" target=\"_self\">En savoir plus<\/a><\/div> <div  class=\"features-coloured-icon-boxes-featurecol cp2cols\"> <div  class=\"features-coloured-icon-boxes-iconcontainer\" data-content-item-container=\"true\"> <i  data-cp-fa=\"true\" class=\"features-coloured-icon fa fa-signal\"><\/i> <\/div><h4  class=\"\">Ateliers de Beaumesnil<\/h4>    <img  decoding=\"async\" class=\"custom-image\" src=\"https:\/\/www.assorpdemaistre.wordpress.lemarie.it\/wp-content\/uploads\/2026\/03\/Ateliers.jpg\" alt=\"\"><a  class=\"button blue\" href=\"#ateliers\" target=\"_self\">En savoir plus<\/a><\/div> <div  class=\"features-coloured-icon-boxes-featurecol cp2cols\"> <div  class=\"features-coloured-icon-boxes-iconcontainer\" data-content-item-container=\"true\"> <i  data-cp-fa=\"true\" class=\"features-coloured-icon fa fa-pie-chart\"><\/i> <\/div> <h4  class=\"\">Emplois<\/h4>   <img  decoding=\"async\" class=\"custom-image\" src=\"https:\/\/www.assorpdemaistre.wordpress.lemarie.it\/wp-content\/uploads\/2026\/03\/Logo-emplois.png\" alt=\"\"><a  class=\"button blue\" href=\"#emplois\" target=\"_self\">En savoir plus<\/a><\/div> <div  class=\"features-coloured-icon-boxes-featurecol cp2cols\"> <div  class=\"features-coloured-icon-boxes-iconcontainer\" data-content-item-container=\"true\"> <i  data-cp-fa=\"true\" class=\"features-coloured-icon fa fa-newspaper-o\"><\/i> <\/div> <h4  class=\"\">Flash infos<\/h4>   <img  decoding=\"async\" class=\"custom-image\" src=\"https:\/\/www.assorpdemaistre.wordpress.lemarie.it\/wp-content\/uploads\/2026\/03\/cropped-cropped-cropped-RPdeMaistre_Logo-1.png\" alt=\"\"><h4  class=\"\">Ev\u00e9nements<\/h4><img  decoding=\"async\" class=\"custom-image\" src=\"https:\/\/www.assorpdemaistre.wordpress.lemarie.it\/wp-content\/uploads\/2026\/03\/Logo-Dame21.png\" alt=\"\"><a  class=\"button blue\" href=\"#news\" target=\"_self\">En savoir plus<\/a><\/div><\/div> <\/div><\/div><div  data-label=\"Association\" data-id=\"about-images-right-section\" data-category=\"about\" class=\"about-images-right-section\" id=\"association\" style=\"background-color: rgb(255, 255, 255);\"> <div  class=\"gridContainer dynamic-color\"> <div  class=\"about-images-right-innerrow dynamic-color\"> <div  class=\"about-images-right-textcol\" data-type=\"column\">  <img  decoding=\"async\" class=\"custom-image\" src=\"https:\/\/www.assorpdemaistre.wordpress.lemarie.it\/wp-content\/uploads\/2026\/03\/cropped-cropped-cropped-RPdeMaistre_Logo-1.png\" alt=\"\"> <p  class=\"\">L\u2019origine de l\u2019association RP de MAISTRE est n\u00e9e de la n\u00e9cessit\u00e9 de venir en aide \u00e0 des personnes en difficult\u00e9 sociale ou familiale. Son objectif actuel est davantage orient\u00e9 vers l\u2019accompagnement de jeunes porteurs de handicap, certains atteints du syndrome de l\u2019autisme, et de leur permettre d\u2019atteindre une autonomie de vie, et de r\u00e9sidence.<\/p> <a  class=\"button blue\" href=\"https:\/\/www.assorpdemaistre.wordpress.lemarie.it\/index.php\/asso\" target=\"_self\">D\u00e9couvrez notre association<\/a> <\/div> <div  class=\"about-images-right-imgcol\"><img  decoding=\"async\" class=\"about-images-right-topimg\" src=\"https:\/\/www.assorpdemaistre.wordpress.lemarie.it\/wp-content\/uploads\/2026\/03\/banderol-flou-scaled.jpg\" alt=\"\"><img  decoding=\"async\" class=\"about-images-right-rightimg\" src=\"https:\/\/www.assorpdemaistre.wordpress.lemarie.it\/wp-content\/uploads\/2026\/04\/enfant-poney-modif-1-scaled.jpg\" alt=\"\"><img  decoding=\"async\" class=\"about-images-right-leftimg\" src=\"https:\/\/www.assorpdemaistre.wordpress.lemarie.it\/wp-content\/uploads\/2026\/03\/enfants-dameflou.jpg\" alt=\"\"> <\/div> <\/div> <\/div><\/div><div  data-label=\"Dame\" data-id=\"content-full-left-image-section\" data-category=\"content\" class=\"content-full-left-image-section\" id=\"dame\" style=\"background-color: rgb(246, 246, 246);\"> <div  class=\"content-full-left-image-innerrow gridContainer\"> <div  data-bg=\"image\" class=\"content-full-left-image-imgcol\" style=\"background-image: url(&quot;https:\/\/www.assorpdemaistre.wordpress.lemarie.it\/wp-content\/uploads\/2026\/03\/photos-groupe.png&quot;);\"><\/div> <div  class=\"content-full-left-image-textcol dynamic-color\"> <div  data-type=\"column\" class=\"\"> <img  decoding=\"async\" class=\"custom-image\" src=\"https:\/\/www.assorpdemaistre.wordpress.lemarie.it\/wp-content\/uploads\/2026\/03\/Logo-Dame21.png\" alt=\"\">  <p  class=\"\">Le Dispositif d\u2019Accompagnement M\u00e9dico Educatif (DAME ) de Beaumesnil<\/p> <h5  class=\"\">Un \u00e9tablissement en zone rurale<\/h5><p  class=\"\"><\/p><p  class=\"\">Id\u00e9alement&nbsp;situ\u00e9 en Normandie dans l\u2019Eure,&nbsp;\u00e0 Beaumesnil,&nbsp;&nbsp;dans un \nparc de 3&nbsp;hectares, et jouxtant un&nbsp;Ch\u00e2teau du 17&nbsp;eme&nbsp;si\u00e8cle, \nl\u2019\u00e9tablissement est dot\u00e9 de &nbsp;nombreux b\u00e2timents anciens, constamment \nr\u00e9nov\u00e9s et mis aux normes de s\u00e9curit\u00e9 et d\u2019un&nbsp;b\u00e2timent \nd\u2019enseignement&nbsp;professionnel moderne.<\/p><p  class=\"\"> De la verdure et du calme, de grands espaces de vie et de travail \net&nbsp;de nombreux&nbsp;\u00e9quipements &nbsp;caract\u00e9risent cet&nbsp;\u00e9tablissement qui \naccueille la plupart des jeunes en internat.<\/p><h5  class=\"\"><strong >Lien avec l\u2019association&nbsp;R.P. de Maistre<\/strong><\/h5><p  class=\"\"><\/p><p  class=\"\">Le DAME de Beaumesnil est un \n\u00e9tablissement priv\u00e9 g\u00e9r\u00e9 par l\u2019association R.P. de Maistre, loi 1901 \u00e0 \nbut non lucratif, qui est propri\u00e9taire des locaux.<\/p><p  class=\"\">Il fonctionne selon un prix de journ\u00e9e, fix\u00e9 annuellement par arr\u00eat\u00e9 \npr\u00e9fectoral, et est agr\u00e9e par l\u2019A.R.S. (Agence R\u00e9gionale de Sant\u00e9) et \nles divers organismes de couverture sociale. (C.P.A.M, M.S.A)<\/p><\/div> <div  class=\"content-full-left-image-featuresrow\"> <div  class=\"content-full-left-image-featurescol\" data-type=\"column\"> <a  class=\"button blue\" href=\"https:\/\/www.assorpdemaistre.wordpress.lemarie.it\/index.php\/dame\" target=\"_self\">d\u00e9couvrez le dame<\/a>    <\/div> <div  class=\"content-full-left-image-featurescol\" data-type=\"column\">     <\/div> <\/div> <\/div> <\/div><\/div><div  data-label=\"Ateliers\" data-id=\"clients-grid-section\" data-category=\"clients\" class=\"clients-grid-section\" id=\"ateliers\" style=\"background-color: rgb(255, 255, 255);\"> <div  class=\"gridContainer\"> <div  class=\"clients-grid-textrow row\" data-type=\"column\"> <div  data-type=\"column\" class=\"clients-grid-textcol dynamic-color\"> <img  decoding=\"async\" class=\"custom-image\" src=\"https:\/\/www.assorpdemaistre.wordpress.lemarie.it\/wp-content\/uploads\/2026\/03\/Ateliers.jpg\" alt=\"\"> <p  class=\"\">L\u2019Association RP de Maistre s\u2019est fix\u00e9e pour objectif de favoriser l\u2019acc\u00e8s \u00e0 l\u2019emploi pour les jeunes accompagn\u00e9s par la SIPFP du DAME, mais \u00e9galement pour tout travailleur en situation de handicap.<br ><br >Ainsi, elle cr\u00e9e une SASU (Soci\u00e9t\u00e9 par Actions Simplifi\u00e9e Unipersonnelle)&nbsp;: Ateliers Beaumesnil.<br ><br >Cette entreprise d\u00e9veloppe des activit\u00e9s de services, la premi\u00e8re \u00e9tant celle de blanchisserie et la seconde celle de ressourcerie et la troisi\u00e8me \u2026..<\/p> <img  decoding=\"async\" class=\"custom-image\" src=\"https:\/\/www.assorpdemaistre.wordpress.lemarie.it\/wp-content\/uploads\/2026\/03\/Creer-prestation.png\" alt=\"\"><\/div> <\/div> <div  class=\"row\" data-type=\"row\" data-add-content=\"false\"> <div  class=\"clients-grid-itemcol cp3cols cp3cols-tablet\"> <div  class=\"middle_align5\"><a  href=\"https:\/\/www.assorpdemaistre.wordpress.lemarie.it\/index.php\/blanchisserie\" target=\"_self\"><img  decoding=\"async\" class=\"clients-grid-itemimg\" src=\"https:\/\/www.assorpdemaistre.wordpress.lemarie.it\/wp-content\/uploads\/2026\/03\/LOGO-MA-BLANCHISSERIE1.jpg\"><\/a> <\/div> <\/div> <div  class=\"clients-grid-itemcol cp3cols cp3cols-tablet\"> <div  class=\"middle_align5\"><a  href=\"https:\/\/www.assorpdemaistre.wordpress.lemarie.it\/index.php\/boutique\" target=\"_self\"><img  decoding=\"async\" class=\"clients-grid-itemimg\" src=\"https:\/\/www.assorpdemaistre.wordpress.lemarie.it\/wp-content\/uploads\/2026\/03\/ma-petite-boutique-1.png\"><\/a> <\/div> <\/div> <div  class=\"clients-grid-itemcol cp3cols cp3cols-tablet\"> <div  class=\"middle_align5\"><a  href=\"https:\/\/www.assorpdemaistre.wordpress.lemarie.it\/index.php\/gite\" target=\"_self\"><img  decoding=\"async\" class=\"clients-grid-itemimg\" src=\"https:\/\/www.assorpdemaistre.wordpress.lemarie.it\/wp-content\/uploads\/2026\/03\/logo-gite1.png\"><\/a> <\/div> <\/div> <div  class=\"clients-grid-itemcol cp3cols cp3cols-tablet\"> <div  class=\"middle_align5\"><a  href=\"https:\/\/www.assorpdemaistre.wordpress.lemarie.it\/index.php\/chapelle\" target=\"_self\"><img  decoding=\"async\" class=\"clients-grid-itemimg\" src=\"https:\/\/www.assorpdemaistre.wordpress.lemarie.it\/wp-content\/uploads\/2026\/03\/logo-chapelle.jpg\"><\/a> <\/div> <\/div> <a  href=\"#\" target=\"blank\"> <\/a>   <\/div> <\/div><\/div><div  data-label=\"Emplois\" data-id=\"testimonials-boxed-section\" data-category=\"testimonials\" class=\"testimonials-boxed-section\" id=\"emplois\" style=\"background-color: rgb(246, 246, 246);\"> <div  class=\"gridContainer\"> <div  class=\"testimonials-boxed-textcol dynamic-color\" data-type=\"column\"> <img  decoding=\"async\" class=\"custom-image\" src=\"https:\/\/www.assorpdemaistre.wordpress.lemarie.it\/wp-content\/uploads\/2026\/03\/Logo-emplois.png\" alt=\"\">  <h4  class=\"\">Le milieu m\u00e9dico-\u00e9ducatif vous int\u00e9rresse, voici quelques exemples de poste.<\/h4><a  class=\"button blue\" href=\"https:\/\/www.assorpdemaistre.wordpress.lemarie.it\/index.php\/offres-demploi\" target=\"_self\">CONSULTER NOTRE BOURSE DES EMPLOIS<\/a><\/div> <div  class=\"testimonials-boxed-itemsrow dark-text\" data-type=\"row\"> <div  class=\"testimonials-boxed-itemcol cp4cols cp6cols-tablet\"> <div  class=\"testimonials-boxed-itemcard\" data-type=\"column\"> <img  decoding=\"async\" class=\"testimonials-boxed-itemimg\" data-size=\"500x500\" src=\"https:\/\/www.assorpdemaistre.wordpress.lemarie.it\/wp-content\/plugins\/one-page-express-companion\/theme-data\/one-page-express\/sections\/images\/face4.jpg\"><h5  class=\"testimonials-boxed-itemname\">Pourquoi pas vous ?<\/h5><h6  class=\"testimonials-boxed-itempos\">Educateur (h\/f)<br >cdi 1 etp<\/h6><h4  class=\"testimonials-boxed-itemtext\">Accompagner des enfants et des jeunes adultes.<\/h4>   <\/div> <\/div> <div  class=\"testimonials-boxed-itemcol cp4cols cp6cols-tablet\"> <div  class=\"testimonials-boxed-itemcard\" data-type=\"column\"> <img  decoding=\"async\" class=\"testimonials-boxed-itemimg\" data-size=\"500x500\" src=\"https:\/\/www.assorpdemaistre.wordpress.lemarie.it\/wp-content\/plugins\/one-page-express-companion\/theme-data\/one-page-express\/sections\/images\/face9.jpg\"> <h5  class=\"testimonials-boxed-itemname\">Pourquoi pas vous ?<\/h5> <h6  class=\"testimonials-boxed-itempos\">eNSEIGNANT (H\/F)\n<br >CDD 1 ETP<\/h6><h4  class=\"testimonials-boxed-itemtext\">Enseigner \u00e0 des enfants et des jeunes adultes.<\/h4> <\/div> <\/div> <div  class=\"testimonials-boxed-itemcol cp4cols cp6cols-tablet\"> <div  class=\"testimonials-boxed-itemcard\" data-type=\"column\"> <img  decoding=\"async\" class=\"testimonials-boxed-itemimg\" data-size=\"500x500\" src=\"https:\/\/www.assorpdemaistre.wordpress.lemarie.it\/wp-content\/plugins\/one-page-express-companion\/theme-data\/one-page-express\/sections\/images\/face7.jpg\"> <h5  class=\"testimonials-boxed-itemname\">Pourquoi pas vous ?<\/h5> <h6  class=\"testimonials-boxed-itempos\">AGENT DE SERVICES INTERIEUR (H\/F)\n<br >cdi 1 etp<\/h6><h4  class=\"testimonials-boxed-itemtext\">Assurer les activit\u00e9s d\u2019entretiens dans l\u2019\u00e9tablissement.<\/h4> <\/div> <\/div> <\/div> <\/div><\/div><div  data-label=\"News\" data-id=\"features-small-image-cards-section\" data-category=\"features\" class=\"features-small-image-cards-section\" style=\"background-color: rgb(246, 246, 246);\" id=\"news\"> <div  class=\"gridContainer\"> <div  class=\"features-small-image-cards-textrow\"> <div  class=\"features-small-image-cards-textcol dynamic-color\" data-type=\"column\"> <h2  class=\"\">les news<\/h2> <p  class=\"\">Toute l\u2019actualit\u00e9 de notre association et du DAME.<\/p> <\/div> <\/div> <div  class=\"features-small-image-cards-featrow dark-text\" data-type=\"row\"> <div  class=\"features-small-image-cards-featcol\"> <div  class=\"features-small-image-cards-featinnerrow flexbox-list\"> <div  class=\"features-small-image-cards-imgcol\" data-bg=\"image\" style=\"background-image: url(&quot;https:\/\/www.assorpdemaistre.wordpress.lemarie.it\/wp-content\/uploads\/2026\/04\/dessin2-page-004-1.png&quot;);\"><\/div> <div  class=\"features-small-image-cards-featcol-feattextcol\" data-type=\"column\"> <h3  class=\"\">Flash infos<\/h3>  <hr  class=\"features-small-image-cards-separator\"> <img  decoding=\"async\" class=\"custom-image\" src=\"https:\/\/www.assorpdemaistre.wordpress.lemarie.it\/wp-content\/uploads\/2026\/03\/cropped-cropped-cropped-RPdeMaistre_Logo-1.png\" alt=\"\"><a  class=\"button blue\" href=\"https:\/\/www.assorpdemaistre.wordpress.lemarie.it\/index.php\/category\/flash-infos\" target=\"_self\">LIRE LA SUITE<\/a><\/div> <\/div> <\/div> <div  class=\"features-small-image-cards-featcol\"> <div  class=\"features-small-image-cards-featinnerrow flexbox-list\"> <div  class=\"features-small-image-cards-imgcol\" data-bg=\"image\" style=\"background-image: url(&quot;https:\/\/www.assorpdemaistre.wordpress.lemarie.it\/wp-content\/uploads\/2026\/04\/dessin-page-005.png&quot;);\"><\/div> <div  class=\"features-small-image-cards-featcol-feattextcol\" data-type=\"column\">    <h3  class=\"\">Les \u00e9v\u00e9nements<\/h3><hr  class=\"features-small-image-cards-separator\"><img  decoding=\"async\" class=\"custom-image\" src=\"https:\/\/www.assorpdemaistre.wordpress.lemarie.it\/wp-content\/uploads\/2026\/03\/Logo-Dame.png\" alt=\"\"><a  class=\"button blue\" href=\"https:\/\/www.assorpdemaistre.wordpress.lemarie.it\/index.php\/category\/evenement\" target=\"_self\">LIRE LA SUITE<\/a><\/div> <\/div> <\/div>   <\/div> <\/div><\/div><div  id=\"dons\" class=\"content-left-image-section\" style=\"background-color: #ffffff;\" data-label=\"Dons\" data-id=\"content-image-left\" data-category=\"content\">\n<div  class=\"gridContainer\">\n<div  class=\"row\">\n<div  class=\"content-left-image-imgcol\" data-type=\"column\"><img  decoding=\"async\" class=\"\" src=\"https:\/\/www.assorpdemaistre.wordpress.lemarie.it\/wp-content\/uploads\/2026\/03\/mains-scaled.jpg\" alt=\"\"><h3  class=\"\">DONS \u2013 ADHESIONS<\/h3><\/div>\n<div  class=\"content-left-image-textcol dynamic-color\" data-type=\"column\">\n<h2  class=\"\">Pourquoi nous soutenir<\/h2>\n<p  class=\"large_text\">Ensemble, accompagnons nos jeunes vers une vie la plus riche, et la plus ind\u00e9pendante possible, offrons leurs une autonomie de vie.<br >Vous souhaitez soutenir notre association par une cotisation ou un don. Nous y sommes tr\u00e8s sensibles.<\/p>\n<a  class=\"button blue\" href=\"https:\/\/www.assorpdemaistre.wordpress.lemarie.it\/index.php\/dons\" target=\"_self\"> En savoir plus <\/a>\n\n<\/div>\n<\/div>\n<\/div>\n<\/div><div  data-label=\"Contactez nous\" data-id=\"contact-section\" data-category=\"contact\" data-bg=\"transparent\" class=\"contact-section-formsection white-text contact-section\" id=\"contactez-nous\"> <div  class=\"\"> <div  class=\"row_224\"> <div  class=\"contact-textrow\"> <div  class=\"contact-textcol dynamic-color\"> <h2  class=\"\">Contactez \u2013 Nous !<\/h2> <p  class=\"white_text\">HORAIRES DU SECRETARIAT\n<br >DU LUNDI AU VENDREDI\n<br >DE 8H30 A 12H30 ET DE 13H30 A17H00&nbsp;<\/p> <\/div> <\/div> <\/div> <div  class=\"contact-formcol\" data-content-shortcode=\"one_page_express_contact_form shortcode=&quot;contact-form-7 id=&amp;amp;quot;689&amp;amp;quot; title=&amp;amp;quot;Contact&amp;amp;quot;&quot;\" data-editable=\"true\">\n<div class=\"wpcf7 no-js\" id=\"wpcf7-f640-o1\" lang=\"fr-FR\" dir=\"ltr\" data-wpcf7-id=\"640\">\n<div class=\"screen-reader-response\"><p role=\"status\" aria-live=\"polite\" aria-atomic=\"true\"><\/p> <ul><\/ul><\/div>\n<form action=\"\/index.php\/wp-json\/wp\/v2\/pages\/20#wpcf7-f640-o1\" method=\"post\" class=\"wpcf7-form init\" aria-label=\"Formulaire de contact\" novalidate=\"novalidate\" data-status=\"init\">\n<fieldset class=\"hidden-fields-container\"><input type=\"hidden\" name=\"_wpcf7\" value=\"640\" \/><input type=\"hidden\" name=\"_wpcf7_version\" value=\"6.1.5\" \/><input type=\"hidden\" name=\"_wpcf7_locale\" value=\"fr_FR\" \/><input type=\"hidden\" name=\"_wpcf7_unit_tag\" value=\"wpcf7-f640-o1\" \/><input type=\"hidden\" name=\"_wpcf7_container_post\" value=\"0\" \/><input type=\"hidden\" name=\"_wpcf7_posted_data_hash\" value=\"\" \/>\n<\/fieldset>\n<p><label> Quelle entit\u00e9 souhaitez vous contacter ? (obligatoire)<br \/>\n<span class=\"wpcf7-form-control-wrap\" data-name=\"your-menu\"><select class=\"wpcf7-form-control wpcf7-select wpcf7-validates-as-required\" aria-required=\"true\" aria-invalid=\"false\" name=\"your-menu\"><option value=\"Association Rp de Maistre\">Association Rp de Maistre<\/option><option value=\"DAME de Beaumesnil\">DAME de Beaumesnil<\/option><option value=\"Ma Blanchisserie\">Ma Blanchisserie<\/option><option value=\"Ma Petite Boutique\">Ma Petite Boutique<\/option><\/select><\/span> <\/label>\n<\/p>\n<p><label> Votre nom (obligatoire)<br \/>\n<span class=\"wpcf7-form-control-wrap\" data-name=\"your-name\"><input size=\"40\" maxlength=\"400\" class=\"wpcf7-form-control wpcf7-text wpcf7-validates-as-required\" aria-required=\"true\" aria-invalid=\"false\" value=\"\" type=\"text\" name=\"your-name\" \/><\/span> <\/label>\n<\/p>\n<p><label> Votre pr\u00e9nom<br \/>\n<span class=\"wpcf7-form-control-wrap\" data-name=\"your-prename\"><input size=\"40\" maxlength=\"400\" class=\"wpcf7-form-control wpcf7-text\" aria-invalid=\"false\" value=\"\" type=\"text\" name=\"your-prename\" \/><\/span> <\/label>\n<\/p>\n<p><label> Votre adresse de messagerie (obligatoire)<br \/>\n<span class=\"wpcf7-form-control-wrap\" data-name=\"your-email\"><input size=\"40\" maxlength=\"400\" class=\"wpcf7-form-control wpcf7-email wpcf7-validates-as-required wpcf7-text wpcf7-validates-as-email\" aria-required=\"true\" aria-invalid=\"false\" value=\"\" type=\"email\" name=\"your-email\" \/><\/span> <\/label>\n<\/p>\n<p><label> Votre message<br \/>\n<span class=\"wpcf7-form-control-wrap\" data-name=\"your-message\"><textarea cols=\"40\" rows=\"10\" maxlength=\"2000\" class=\"wpcf7-form-control wpcf7-textarea\" aria-invalid=\"false\" name=\"your-message\"><\/textarea><\/span> <\/label>\n<\/p>\n<p>Ce site est prot\u00e9g\u00e9 par reCAPTCHA et Google<br \/>\n<a href=\"https:\/\/policies.google.com\/privacy\">Politique de confidentialit\u00e9<\/a> et<br \/>\n<a href=\"https:\/\/policies.google.com\/terms\">Conditions d'utilisation<\/a>.\n<\/p>\n<p><input class=\"wpcf7-form-control wpcf7-submit has-spinner\" type=\"submit\" value=\"Envoyer\" \/>\n<\/p><div class=\"wpcf7-response-output\" aria-hidden=\"true\"><\/div>\n<\/form>\n<\/div>\n<\/div> <\/div><\/div>","protected":false},"excerpt":{"rendered":"<p>Association RP de Maistre En savoir plus DAME (Dispositif d\u2019accompagnement m\u00e9dico-\u00e9ducatif) En savoir plus Ateliers de Beaumesnil En savoir plus Emplois En savoir plus Flash infos Ev\u00e9nementsEn savoir plus L\u2019origine de l\u2019association RP de MAISTRE est n\u00e9e de la n\u00e9cessit\u00e9 de venir en aide \u00e0 des personnes en difficult\u00e9 sociale ou familiale. Son objectif actuel&hellip; <br \/> <a class=\"button small blue\" href=\"https:\/\/www.assorpdemaistre.wordpress.lemarie.it\/index.php\/2026\/04\/03\/evenement-mars-2026\/\">Lire la suite<\/a><\/p>\n","protected":false},"author":1,"featured_media":0,"parent":0,"menu_order":0,"comment_status":"closed","ping_status":"closed","template":"","meta":{"footnotes":""},"class_list":["post-20","page","type-page","status-publish","hentry"],"_links":{"self":[{"href":"https:\/\/www.assorpdemaistre.wordpress.lemarie.it\/index.php\/wp-json\/wp\/v2\/pages\/20","targetHints":{"allow":["GET"]}}],"collection":[{"href":"https:\/\/www.assorpdemaistre.wordpress.lemarie.it\/index.php\/wp-json\/wp\/v2\/pages"}],"about":[{"href":"https:\/\/www.assorpdemaistre.wordpress.lemarie.it\/index.php\/wp-json\/wp\/v2\/types\/page"}],"author":[{"embeddable":true,"href":"https:\/\/www.assorpdemaistre.wordpress.lemarie.it\/index.php\/wp-json\/wp\/v2\/users\/1"}],"replies":[{"embeddable":true,"href":"https:\/\/www.assorpdemaistre.wordpress.lemarie.it\/index.php\/wp-json\/wp\/v2\/comments?post=20"}],"version-history":[{"count":175,"href":"https:\/\/www.assorpdemaistre.wordpress.lemarie.it\/index.php\/wp-json\/wp\/v2\/pages\/20\/revisions"}],"predecessor-version":[{"id":1103,"href":"https:\/\/www.assorpdemaistre.wordpress.lemarie.it\/index.php\/wp-json\/wp\/v2\/pages\/20\/revisions\/1103"}],"wp:attachment":[{"href":"https:\/\/www.assorpdemaistre.wordpress.lemarie.it\/index.php\/wp-json\/wp\/v2\/media?parent=20"}],"curies":[{"name":"wp","href":"https:\/\/api.w.org\/{rel}","templated":true}]}}