{"id":253,"date":"2026-03-18T15:10:32","date_gmt":"2026-03-18T14:10:32","guid":{"rendered":"https:\/\/www.assorpdemaistre.wordpress.lemarie.it\/?page_id=253"},"modified":"2026-04-28T15:43:01","modified_gmt":"2026-04-28T13:43:01","slug":"gite","status":"publish","type":"page","link":"https:\/\/www.assorpdemaistre.wordpress.lemarie.it\/index.php\/gite\/","title":{"rendered":"Mon gite"},"content":{"rendered":"\n<div class=\"wp-block-group alignfull has-background\" style=\"background-color:#f5eac1;padding-top:6vw;padding-right:6vw;padding-bottom:6vw;padding-left:6vw\"><div class=\"wp-block-group__inner-container is-layout-flow wp-block-group-is-layout-flow\">\n<figure class=\"wp-block-image size-large is-resized\"><img loading=\"lazy\" decoding=\"async\" width=\"1024\" height=\"476\" src=\"https:\/\/www.assorpdemaistre.wordpress.lemarie.it\/wp-content\/uploads\/2026\/03\/logo-gite1-1024x476.png\" alt=\"\" class=\"wp-image-218\" style=\"aspect-ratio:2.1512719374071305;width:273px;height:auto\" srcset=\"https:\/\/www.assorpdemaistre.wordpress.lemarie.it\/wp-content\/uploads\/2026\/03\/logo-gite1-1024x476.png 1024w, https:\/\/www.assorpdemaistre.wordpress.lemarie.it\/wp-content\/uploads\/2026\/03\/logo-gite1-300x139.png 300w, https:\/\/www.assorpdemaistre.wordpress.lemarie.it\/wp-content\/uploads\/2026\/03\/logo-gite1-768x357.png 768w, https:\/\/www.assorpdemaistre.wordpress.lemarie.it\/wp-content\/uploads\/2026\/03\/logo-gite1.png 1341w\" sizes=\"auto, (max-width: 1024px) 100vw, 1024px\" \/><\/figure>\n\n\n\n<p><\/p>\n\n\n\n<h4 class=\"wp-block-heading\"><strong><em>Situ\u00e9e rue du ch\u00e2teau 27410 Mesnil-en-Ouche<\/em><\/strong><\/h4>\n\n\n\n<p>Notre gite d&rsquo;\u00e9tape&#8230;.<\/p>\n\n\n\n<div style=\"height:0px\" aria-hidden=\"true\" class=\"wp-block-spacer\"><\/div>\n\n\n<div class=\"wp-block-image\">\n<figure class=\"aligncenter size-large is-resized\"><img loading=\"lazy\" decoding=\"async\" width=\"1024\" height=\"683\" src=\"https:\/\/www.assorpdemaistre.wordpress.lemarie.it\/wp-content\/uploads\/2026\/03\/entree-gite-1024x683.jpeg\" alt=\"\" class=\"wp-image-433\" style=\"aspect-ratio:1.4992568950641212;width:549px;height:auto\" srcset=\"https:\/\/www.assorpdemaistre.wordpress.lemarie.it\/wp-content\/uploads\/2026\/03\/entree-gite-1024x683.jpeg 1024w, https:\/\/www.assorpdemaistre.wordpress.lemarie.it\/wp-content\/uploads\/2026\/03\/entree-gite-300x200.jpeg 300w, https:\/\/www.assorpdemaistre.wordpress.lemarie.it\/wp-content\/uploads\/2026\/03\/entree-gite-768x512.jpeg 768w, https:\/\/www.assorpdemaistre.wordpress.lemarie.it\/wp-content\/uploads\/2026\/03\/entree-gite-1536x1024.jpeg 1536w, https:\/\/www.assorpdemaistre.wordpress.lemarie.it\/wp-content\/uploads\/2026\/03\/entree-gite-1620x1080.jpeg 1620w, https:\/\/www.assorpdemaistre.wordpress.lemarie.it\/wp-content\/uploads\/2026\/03\/entree-gite.jpeg 1920w\" sizes=\"auto, (max-width: 1024px) 100vw, 1024px\" \/><\/figure>\n<\/div>\n\n\n<div class=\"wp-block-group alignwide is-vertical is-nowrap is-layout-flex wp-container-core-group-is-layout-8171334d wp-block-group-is-layout-flex\" style=\"padding-top:0;padding-right:0;padding-bottom:0;padding-left:0\">\n<div class=\"wp-block-columns alignwide is-layout-flex wp-container-core-columns-is-layout-2656d967 wp-block-columns-is-layout-flex\">\n<div class=\"wp-block-column is-layout-flow wp-block-column-is-layout-flow\" style=\"flex-basis:33.38%\">\n<p class=\"has-text-color\" style=\"color:#000000;font-size:17px\"><strong>Un g\u00eete<\/strong> pouvant accueillir 15 personnes dont l\u2019entretien est assur\u00e9 par nos jeunes, soit dans le cadre de leur formation, soit d\u2019un emploi r\u00e9mun\u00e9r\u00e9.<\/p>\n\n\n\n<p class=\"has-text-color\" style=\"color:#000000;font-size:17px\">15 voyageurs &#8211; 9 chambres &#8211; 10 lits &#8211; 2 salles de bain<\/p>\n\n\n\n<p class=\"has-text-color\" style=\"color:#000000;font-size:17px\">A l&rsquo;ext\u00e9rieur, une terrasse avec salon de jardin, ainsi qu&rsquo;un espace jardin de plus de 500m\u00b2.<\/p>\n\n\n<div class=\"wp-block-image\">\n<figure class=\"alignright size-large\"><img loading=\"lazy\" decoding=\"async\" width=\"1024\" height=\"683\" src=\"https:\/\/www.assorpdemaistre.wordpress.lemarie.it\/wp-content\/uploads\/2026\/04\/gite-exterieur-1024x683.jpeg\" alt=\"\" class=\"wp-image-1118\" style=\"aspect-ratio:1.499286186274369\" srcset=\"https:\/\/www.assorpdemaistre.wordpress.lemarie.it\/wp-content\/uploads\/2026\/04\/gite-exterieur-1024x683.jpeg 1024w, https:\/\/www.assorpdemaistre.wordpress.lemarie.it\/wp-content\/uploads\/2026\/04\/gite-exterieur-300x200.jpeg 300w, https:\/\/www.assorpdemaistre.wordpress.lemarie.it\/wp-content\/uploads\/2026\/04\/gite-exterieur-768x512.jpeg 768w, https:\/\/www.assorpdemaistre.wordpress.lemarie.it\/wp-content\/uploads\/2026\/04\/gite-exterieur-1536x1024.jpeg 1536w, https:\/\/www.assorpdemaistre.wordpress.lemarie.it\/wp-content\/uploads\/2026\/04\/gite-exterieur-1620x1080.jpeg 1620w, https:\/\/www.assorpdemaistre.wordpress.lemarie.it\/wp-content\/uploads\/2026\/04\/gite-exterieur.jpeg 1920w\" sizes=\"auto, (max-width: 1024px) 100vw, 1024px\" \/><\/figure>\n<\/div><\/div>\n\n\n\n<div class=\"wp-block-column is-layout-flow wp-block-column-is-layout-flow\"><\/div>\n\n\n\n<div class=\"wp-block-column is-vertically-aligned-center is-layout-flow wp-block-column-is-layout-flow\" style=\"flex-basis:60%\"><div class=\"wp-block-image\">\n<figure class=\"alignright size-large is-resized\"><img loading=\"lazy\" decoding=\"async\" width=\"1024\" height=\"683\" src=\"https:\/\/www.assorpdemaistre.wordpress.lemarie.it\/wp-content\/uploads\/2026\/03\/1-ext-1024x683.jpg\" alt=\"\" class=\"wp-image-432\" style=\"aspect-ratio:1.4993101799515531;width:295px;height:auto\" srcset=\"https:\/\/www.assorpdemaistre.wordpress.lemarie.it\/wp-content\/uploads\/2026\/03\/1-ext-1024x683.jpg 1024w, https:\/\/www.assorpdemaistre.wordpress.lemarie.it\/wp-content\/uploads\/2026\/03\/1-ext-300x200.jpg 300w, https:\/\/www.assorpdemaistre.wordpress.lemarie.it\/wp-content\/uploads\/2026\/03\/1-ext-768x512.jpg 768w, https:\/\/www.assorpdemaistre.wordpress.lemarie.it\/wp-content\/uploads\/2026\/03\/1-ext-1536x1024.jpg 1536w, https:\/\/www.assorpdemaistre.wordpress.lemarie.it\/wp-content\/uploads\/2026\/03\/1-ext-2048x1365.jpg 2048w, https:\/\/www.assorpdemaistre.wordpress.lemarie.it\/wp-content\/uploads\/2026\/03\/1-ext-1620x1080.jpg 1620w\" sizes=\"auto, (max-width: 1024px) 100vw, 1024px\" \/><\/figure>\n<\/div>\n\n<div class=\"wp-block-image\">\n<figure class=\"alignright size-large is-resized\"><img loading=\"lazy\" decoding=\"async\" width=\"1024\" height=\"683\" src=\"https:\/\/www.assorpdemaistre.wordpress.lemarie.it\/wp-content\/uploads\/2026\/04\/gite-terrasse-1024x683.jpg\" alt=\"\" class=\"wp-image-1120\" style=\"aspect-ratio:1.4992409247533456;width:296px;height:auto\" srcset=\"https:\/\/www.assorpdemaistre.wordpress.lemarie.it\/wp-content\/uploads\/2026\/04\/gite-terrasse-1024x683.jpg 1024w, https:\/\/www.assorpdemaistre.wordpress.lemarie.it\/wp-content\/uploads\/2026\/04\/gite-terrasse-300x200.jpg 300w, https:\/\/www.assorpdemaistre.wordpress.lemarie.it\/wp-content\/uploads\/2026\/04\/gite-terrasse-768x512.jpg 768w, https:\/\/www.assorpdemaistre.wordpress.lemarie.it\/wp-content\/uploads\/2026\/04\/gite-terrasse-1536x1024.jpg 1536w, https:\/\/www.assorpdemaistre.wordpress.lemarie.it\/wp-content\/uploads\/2026\/04\/gite-terrasse-1620x1080.jpg 1620w, https:\/\/www.assorpdemaistre.wordpress.lemarie.it\/wp-content\/uploads\/2026\/04\/gite-terrasse.jpg 1920w\" sizes=\"auto, (max-width: 1024px) 100vw, 1024px\" \/><\/figure>\n<\/div><\/div>\n<\/div>\n\n\n\n<h3 class=\"wp-block-heading\">Rez de Chauss\u00e9e<\/h3>\n\n\n\n<div class=\"wp-block-media-text has-media-on-the-right is-stacked-on-mobile\" style=\"grid-template-columns:auto 64%\"><div class=\"wp-block-media-text__content\">\n<p>Au rez-de-chauss\u00e9e, une grande et lumineuse pi\u00e8ce de vie chaleureuse comprenant un espace salon<\/p>\n<\/div><figure class=\"wp-block-media-text__media\"><img loading=\"lazy\" decoding=\"async\" width=\"1024\" height=\"683\" src=\"https:\/\/www.assorpdemaistre.wordpress.lemarie.it\/wp-content\/uploads\/2026\/03\/10-salon-1024x683.jpg\" alt=\"\" class=\"wp-image-429 size-full\" srcset=\"https:\/\/www.assorpdemaistre.wordpress.lemarie.it\/wp-content\/uploads\/2026\/03\/10-salon-1024x683.jpg 1024w, https:\/\/www.assorpdemaistre.wordpress.lemarie.it\/wp-content\/uploads\/2026\/03\/10-salon-300x200.jpg 300w, https:\/\/www.assorpdemaistre.wordpress.lemarie.it\/wp-content\/uploads\/2026\/03\/10-salon-768x512.jpg 768w, https:\/\/www.assorpdemaistre.wordpress.lemarie.it\/wp-content\/uploads\/2026\/03\/10-salon-1536x1024.jpg 1536w, https:\/\/www.assorpdemaistre.wordpress.lemarie.it\/wp-content\/uploads\/2026\/03\/10-salon-2048x1365.jpg 2048w, https:\/\/www.assorpdemaistre.wordpress.lemarie.it\/wp-content\/uploads\/2026\/03\/10-salon-1620x1080.jpg 1620w\" sizes=\"auto, (max-width: 1024px) 100vw, 1024px\" \/><\/figure><\/div>\n\n\n\n<p><\/p>\n\n\n\n<div class=\"wp-block-columns alignwide is-layout-flex wp-container-core-columns-is-layout-724a882f wp-block-columns-is-layout-flex\">\n<div class=\"wp-block-column is-layout-flow wp-block-column-is-layout-flow\" style=\"flex-basis:69%\">\n<div class=\"wp-block-media-text is-stacked-on-mobile\" style=\"grid-template-columns:70% auto\"><figure class=\"wp-block-media-text__media\"><img loading=\"lazy\" decoding=\"async\" width=\"1024\" height=\"683\" src=\"https:\/\/www.assorpdemaistre.wordpress.lemarie.it\/wp-content\/uploads\/2026\/03\/6-table--1024x683.jpg\" alt=\"\" class=\"wp-image-431 size-full\" srcset=\"https:\/\/www.assorpdemaistre.wordpress.lemarie.it\/wp-content\/uploads\/2026\/03\/6-table--1024x683.jpg 1024w, https:\/\/www.assorpdemaistre.wordpress.lemarie.it\/wp-content\/uploads\/2026\/03\/6-table--300x200.jpg 300w, https:\/\/www.assorpdemaistre.wordpress.lemarie.it\/wp-content\/uploads\/2026\/03\/6-table--768x512.jpg 768w, https:\/\/www.assorpdemaistre.wordpress.lemarie.it\/wp-content\/uploads\/2026\/03\/6-table--1536x1024.jpg 1536w, https:\/\/www.assorpdemaistre.wordpress.lemarie.it\/wp-content\/uploads\/2026\/03\/6-table--2048x1365.jpg 2048w, https:\/\/www.assorpdemaistre.wordpress.lemarie.it\/wp-content\/uploads\/2026\/03\/6-table--1620x1080.jpg 1620w\" sizes=\"auto, (max-width: 1024px) 100vw, 1024px\" \/><\/figure><div class=\"wp-block-media-text__content\">\n<p>un espace repas, une cuisine \u00e9quip\u00e9e, un wc ind\u00e9pendant.<\/p>\n<\/div><\/div>\n\n\n<div class=\"wp-block-image\">\n<figure class=\"alignright size-large is-resized\"><img loading=\"lazy\" decoding=\"async\" width=\"1024\" height=\"683\" src=\"https:\/\/www.assorpdemaistre.wordpress.lemarie.it\/wp-content\/uploads\/2026\/03\/12-cuisine-1024x683.jpg\" alt=\"\" class=\"wp-image-428\" style=\"aspect-ratio:1.4992655126410506;width:358px;height:auto\" srcset=\"https:\/\/www.assorpdemaistre.wordpress.lemarie.it\/wp-content\/uploads\/2026\/03\/12-cuisine-1024x683.jpg 1024w, https:\/\/www.assorpdemaistre.wordpress.lemarie.it\/wp-content\/uploads\/2026\/03\/12-cuisine-300x200.jpg 300w, https:\/\/www.assorpdemaistre.wordpress.lemarie.it\/wp-content\/uploads\/2026\/03\/12-cuisine-768x512.jpg 768w, https:\/\/www.assorpdemaistre.wordpress.lemarie.it\/wp-content\/uploads\/2026\/03\/12-cuisine-1536x1024.jpg 1536w, https:\/\/www.assorpdemaistre.wordpress.lemarie.it\/wp-content\/uploads\/2026\/03\/12-cuisine-2048x1365.jpg 2048w, https:\/\/www.assorpdemaistre.wordpress.lemarie.it\/wp-content\/uploads\/2026\/03\/12-cuisine-1620x1080.jpg 1620w\" sizes=\"auto, (max-width: 1024px) 100vw, 1024px\" \/><\/figure>\n<\/div><\/div>\n\n\n\n<div class=\"wp-block-column is-vertically-aligned-center is-layout-flow wp-block-column-is-layout-flow\" style=\"flex-basis:33%\">\n<figure class=\"wp-block-image size-large\"><img loading=\"lazy\" decoding=\"async\" width=\"1024\" height=\"683\" src=\"https:\/\/www.assorpdemaistre.wordpress.lemarie.it\/wp-content\/uploads\/2026\/03\/11-salon-1024x683.jpg\" alt=\"\" class=\"wp-image-430\" srcset=\"https:\/\/www.assorpdemaistre.wordpress.lemarie.it\/wp-content\/uploads\/2026\/03\/11-salon-1024x683.jpg 1024w, https:\/\/www.assorpdemaistre.wordpress.lemarie.it\/wp-content\/uploads\/2026\/03\/11-salon-300x200.jpg 300w, https:\/\/www.assorpdemaistre.wordpress.lemarie.it\/wp-content\/uploads\/2026\/03\/11-salon-768x512.jpg 768w, https:\/\/www.assorpdemaistre.wordpress.lemarie.it\/wp-content\/uploads\/2026\/03\/11-salon-1536x1024.jpg 1536w, https:\/\/www.assorpdemaistre.wordpress.lemarie.it\/wp-content\/uploads\/2026\/03\/11-salon-2048x1365.jpg 2048w, https:\/\/www.assorpdemaistre.wordpress.lemarie.it\/wp-content\/uploads\/2026\/03\/11-salon-1620x1080.jpg 1620w\" sizes=\"auto, (max-width: 1024px) 100vw, 1024px\" \/><\/figure>\n\n\n\n<p class=\"has-text-color\" style=\"color:#000000;font-size:17px\"><\/p>\n\n\n\n<div style=\"height:2vw\" aria-hidden=\"true\" class=\"wp-block-spacer\"><\/div>\n<\/div>\n<\/div>\n<\/div>\n\n\n\n<h3 class=\"wp-block-heading\">1er \u00c9tage<\/h3>\n\n\n\n<p><\/p>\n\n\n\n<div class=\"wp-block-media-text has-media-on-the-right is-stacked-on-mobile\" style=\"grid-template-columns:auto 61%\"><div class=\"wp-block-media-text__content\">\n<p>A l&rsquo;\u00e9tage, 9 chambres, dont 4 chambres avec un lit double, une chambre \u00ab\u00a0suite\u00a0\u00bb avec un lit double et un lit simple, 4 chambres avec un lit simple; chaque chambre poss\u00e8de un lavabo. Pour finir, un wc ind\u00e9pendant et deux salles d&rsquo;eaux.<\/p>\n<\/div><figure class=\"wp-block-media-text__media\"><img loading=\"lazy\" decoding=\"async\" width=\"1024\" height=\"683\" src=\"https:\/\/www.assorpdemaistre.wordpress.lemarie.it\/wp-content\/uploads\/2026\/03\/23-lit-double-1024x683.jpg\" alt=\"\" class=\"wp-image-426 size-full\" srcset=\"https:\/\/www.assorpdemaistre.wordpress.lemarie.it\/wp-content\/uploads\/2026\/03\/23-lit-double-1024x683.jpg 1024w, https:\/\/www.assorpdemaistre.wordpress.lemarie.it\/wp-content\/uploads\/2026\/03\/23-lit-double-300x200.jpg 300w, https:\/\/www.assorpdemaistre.wordpress.lemarie.it\/wp-content\/uploads\/2026\/03\/23-lit-double-768x512.jpg 768w, https:\/\/www.assorpdemaistre.wordpress.lemarie.it\/wp-content\/uploads\/2026\/03\/23-lit-double-1536x1024.jpg 1536w, https:\/\/www.assorpdemaistre.wordpress.lemarie.it\/wp-content\/uploads\/2026\/03\/23-lit-double-2048x1365.jpg 2048w, https:\/\/www.assorpdemaistre.wordpress.lemarie.it\/wp-content\/uploads\/2026\/03\/23-lit-double-1620x1080.jpg 1620w\" sizes=\"auto, (max-width: 1024px) 100vw, 1024px\" \/><\/figure><\/div>\n\n\n\n<p><\/p>\n\n\n\n<div class=\"wp-block-columns is-layout-flex wp-container-core-columns-is-layout-9d6595d7 wp-block-columns-is-layout-flex\">\n<div class=\"wp-block-column is-vertically-aligned-center is-layout-flow wp-block-column-is-layout-flow\" style=\"flex-basis:100%\">\n<div class=\"wp-block-columns is-layout-flex wp-container-core-columns-is-layout-9d6595d7 wp-block-columns-is-layout-flex\">\n<div class=\"wp-block-column is-layout-flow wp-block-column-is-layout-flow\" style=\"flex-basis:33.33%\"><div class=\"wp-block-image\">\n<figure class=\"alignleft size-large\"><img loading=\"lazy\" decoding=\"async\" width=\"683\" height=\"1024\" src=\"https:\/\/www.assorpdemaistre.wordpress.lemarie.it\/wp-content\/uploads\/2026\/03\/17-sanitaires-683x1024.jpg\" alt=\"\" class=\"wp-image-427\" style=\"aspect-ratio:0.6669934601215342\" srcset=\"https:\/\/www.assorpdemaistre.wordpress.lemarie.it\/wp-content\/uploads\/2026\/03\/17-sanitaires-683x1024.jpg 683w, https:\/\/www.assorpdemaistre.wordpress.lemarie.it\/wp-content\/uploads\/2026\/03\/17-sanitaires-200x300.jpg 200w, https:\/\/www.assorpdemaistre.wordpress.lemarie.it\/wp-content\/uploads\/2026\/03\/17-sanitaires-768x1152.jpg 768w, https:\/\/www.assorpdemaistre.wordpress.lemarie.it\/wp-content\/uploads\/2026\/03\/17-sanitaires-1024x1536.jpg 1024w, https:\/\/www.assorpdemaistre.wordpress.lemarie.it\/wp-content\/uploads\/2026\/03\/17-sanitaires-1365x2048.jpg 1365w, https:\/\/www.assorpdemaistre.wordpress.lemarie.it\/wp-content\/uploads\/2026\/03\/17-sanitaires-720x1080.jpg 720w, https:\/\/www.assorpdemaistre.wordpress.lemarie.it\/wp-content\/uploads\/2026\/03\/17-sanitaires-scaled.jpg 1707w\" sizes=\"auto, (max-width: 683px) 100vw, 683px\" \/><\/figure>\n<\/div>\n\n\n<figure class=\"wp-block-image size-full\"><img loading=\"lazy\" decoding=\"async\" width=\"636\" height=\"847\" src=\"https:\/\/www.assorpdemaistre.wordpress.lemarie.it\/wp-content\/uploads\/2026\/04\/gite-pliage-linge.jpg\" alt=\"\" class=\"wp-image-1011\" srcset=\"https:\/\/www.assorpdemaistre.wordpress.lemarie.it\/wp-content\/uploads\/2026\/04\/gite-pliage-linge.jpg 636w, https:\/\/www.assorpdemaistre.wordpress.lemarie.it\/wp-content\/uploads\/2026\/04\/gite-pliage-linge-225x300.jpg 225w\" sizes=\"auto, (max-width: 636px) 100vw, 636px\" \/><\/figure>\n<\/div>\n\n\n\n<div class=\"wp-block-column is-layout-flow wp-block-column-is-layout-flow\" style=\"flex-basis:66.66%\">\n<div class=\"wp-block-media-text is-stacked-on-mobile is-vertically-aligned-bottom\" style=\"grid-template-columns:42% auto\"><figure class=\"wp-block-media-text__media\"><img loading=\"lazy\" decoding=\"async\" width=\"637\" height=\"853\" src=\"https:\/\/www.assorpdemaistre.wordpress.lemarie.it\/wp-content\/uploads\/2026\/04\/Nettoyage-gite.jpg\" alt=\"\" class=\"wp-image-1012 size-full\" srcset=\"https:\/\/www.assorpdemaistre.wordpress.lemarie.it\/wp-content\/uploads\/2026\/04\/Nettoyage-gite.jpg 637w, https:\/\/www.assorpdemaistre.wordpress.lemarie.it\/wp-content\/uploads\/2026\/04\/Nettoyage-gite-224x300.jpg 224w\" sizes=\"auto, (max-width: 637px) 100vw, 637px\" \/><\/figure><div class=\"wp-block-media-text__content\">\n<p>l&rsquo;entretien est confi\u00e9 \u00e0 nos jeunes&#8230;<\/p>\n<\/div><\/div>\n\n\n<div class=\"wp-block-image\">\n<figure class=\"alignright size-large is-resized\"><img loading=\"lazy\" decoding=\"async\" width=\"1024\" height=\"683\" src=\"https:\/\/www.assorpdemaistre.wordpress.lemarie.it\/wp-content\/uploads\/2026\/03\/29-lit-simple-1024x683.jpg\" alt=\"\" class=\"wp-image-475\" style=\"aspect-ratio:1.4993101263597557;width:401px;height:auto\" srcset=\"https:\/\/www.assorpdemaistre.wordpress.lemarie.it\/wp-content\/uploads\/2026\/03\/29-lit-simple-1024x683.jpg 1024w, https:\/\/www.assorpdemaistre.wordpress.lemarie.it\/wp-content\/uploads\/2026\/03\/29-lit-simple-300x200.jpg 300w, https:\/\/www.assorpdemaistre.wordpress.lemarie.it\/wp-content\/uploads\/2026\/03\/29-lit-simple-768x512.jpg 768w, https:\/\/www.assorpdemaistre.wordpress.lemarie.it\/wp-content\/uploads\/2026\/03\/29-lit-simple-1536x1024.jpg 1536w, https:\/\/www.assorpdemaistre.wordpress.lemarie.it\/wp-content\/uploads\/2026\/03\/29-lit-simple-2048x1365.jpg 2048w, https:\/\/www.assorpdemaistre.wordpress.lemarie.it\/wp-content\/uploads\/2026\/03\/29-lit-simple-1620x1080.jpg 1620w\" sizes=\"auto, (max-width: 1024px) 100vw, 1024px\" \/><\/figure>\n<\/div><\/div>\n<\/div>\n\n\n\n<p>Draps et linge de toilette sont fournis, mis en place par nos jeunes et nettoy\u00e9s dans notre blanchisserie, la boucle est boucl\u00e9e.<\/p>\n\n\n<div class=\"wp-block-image\">\n<figure class=\"alignright size-large is-resized\"><img loading=\"lazy\" decoding=\"async\" width=\"1024\" height=\"683\" src=\"https:\/\/www.assorpdemaistre.wordpress.lemarie.it\/wp-content\/uploads\/2026\/03\/26-lit-double-1024x683.jpg\" alt=\"\" class=\"wp-image-425\" style=\"aspect-ratio:1.4992482189076417;width:548px;height:auto\" srcset=\"https:\/\/www.assorpdemaistre.wordpress.lemarie.it\/wp-content\/uploads\/2026\/03\/26-lit-double-1024x683.jpg 1024w, https:\/\/www.assorpdemaistre.wordpress.lemarie.it\/wp-content\/uploads\/2026\/03\/26-lit-double-300x200.jpg 300w, https:\/\/www.assorpdemaistre.wordpress.lemarie.it\/wp-content\/uploads\/2026\/03\/26-lit-double-768x512.jpg 768w, https:\/\/www.assorpdemaistre.wordpress.lemarie.it\/wp-content\/uploads\/2026\/03\/26-lit-double-1536x1024.jpg 1536w, https:\/\/www.assorpdemaistre.wordpress.lemarie.it\/wp-content\/uploads\/2026\/03\/26-lit-double-2048x1365.jpg 2048w, https:\/\/www.assorpdemaistre.wordpress.lemarie.it\/wp-content\/uploads\/2026\/03\/26-lit-double-1620x1080.jpg 1620w\" sizes=\"auto, (max-width: 1024px) 100vw, 1024px\" \/><\/figure>\n<\/div>\n\n\n<p><\/p>\n<\/div>\n<\/div>\n\n\n\n<p><\/p>\n\n\n\n<p>Notre gite vous int\u00e9resse, sa commercialisation est confi\u00e9e \u00e0 Airbnb, cliquez sur le lien ci-dessous.<\/p>\n\n\n\n<div class=\"wp-block-group\"><div class=\"wp-block-group__inner-container is-layout-constrained wp-block-group-is-layout-constrained\">\n<div class=\"wp-block-buttons is-content-justification-center is-layout-flex wp-container-core-buttons-is-layout-16018d1d wp-block-buttons-is-layout-flex\"><\/div>\n<\/div><\/div>\n\n\n\n<div class=\"airbnb-embed-frame\" data-id=\"1401229390561942202\" data-view=\"home\" data-hide-price=\"true\" style=\"width: 450px; height: 300px; margin: auto;\"><a href=\"https:\/\/www.airbnb.fr\/rooms\/1401229390561942202?check_in=2026-05-30&amp;check_out=2026-05-31&amp;guests=9&amp;adults=9&amp;s=66&amp;source=embed_widget\">Voir sur Airbnb<\/a><a href=\"https:\/\/www.airbnb.fr\/rooms\/1401229390561942202?check_in=2026-05-30&amp;check_out=2026-05-31&amp;guests=9&amp;adults=9&amp;s=66&amp;source=embed_widget\" rel=\"nofollow\">Maison de ville \u00b7 Mesnil-en-Ouche \u00b7 \u26055,0 \u00b7 9 chambres \u00b7 10 lits \u00b7 2 salles de bain priv\u00e9es<\/a><script async=\"\" src=\"https:\/\/www.airbnb.fr\/embeddable\/airbnb_jssdk\"><\/script><\/div>\n<\/div><\/div>\n\n\n\n<div class=\"wp-block-group\"><div class=\"wp-block-group__inner-container is-layout-constrained wp-block-group-is-layout-constrained\">\n<div class=\"wp-block-buttons is-content-justification-center is-layout-flex wp-container-core-buttons-is-layout-16018d1d wp-block-buttons-is-layout-flex\">\n<div class=\"wp-block-button is-style-outline is-style-outline--1\"><a class=\"wp-block-button__link wp-element-button\" href=\"https:\/\/www.assorpdemaistre.wordpress.lemarie.it\/index.php\/blanchisserie\"><img loading=\"lazy\" decoding=\"async\" width=\"200\" height=\"82\" class=\"wp-image-152\" style=\"width: 200px;\" src=\"https:\/\/www.assorpdemaistre.wordpress.lemarie.it\/wp-content\/uploads\/2026\/03\/LOGO-MA-BLANCHISSERIE1.jpg\" alt=\"\" srcset=\"https:\/\/www.assorpdemaistre.wordpress.lemarie.it\/wp-content\/uploads\/2026\/03\/LOGO-MA-BLANCHISSERIE1.jpg 2008w, https:\/\/www.assorpdemaistre.wordpress.lemarie.it\/wp-content\/uploads\/2026\/03\/LOGO-MA-BLANCHISSERIE1-300x124.jpg 300w, https:\/\/www.assorpdemaistre.wordpress.lemarie.it\/wp-content\/uploads\/2026\/03\/LOGO-MA-BLANCHISSERIE1-1024x422.jpg 1024w, https:\/\/www.assorpdemaistre.wordpress.lemarie.it\/wp-content\/uploads\/2026\/03\/LOGO-MA-BLANCHISSERIE1-768x316.jpg 768w, https:\/\/www.assorpdemaistre.wordpress.lemarie.it\/wp-content\/uploads\/2026\/03\/LOGO-MA-BLANCHISSERIE1-1536x633.jpg 1536w, https:\/\/www.assorpdemaistre.wordpress.lemarie.it\/wp-content\/uploads\/2026\/03\/LOGO-MA-BLANCHISSERIE1-1920x791.jpg 1920w\" sizes=\"auto, (max-width: 200px) 100vw, 200px\" \/><\/a><\/div>\n\n\n\n<div class=\"wp-block-button is-style-outline is-style-outline--2\"><a class=\"wp-block-button__link wp-element-button\" href=\"https:\/\/www.assorpdemaistre.wordpress.lemarie.it\/index.php\/boutique\"><img loading=\"lazy\" decoding=\"async\" width=\"200\" height=\"48\" class=\"wp-image-228\" style=\"width: 200px;\" src=\"https:\/\/www.assorpdemaistre.wordpress.lemarie.it\/wp-content\/uploads\/2026\/03\/ma-petite-boutique-1.png\" alt=\"\" srcset=\"https:\/\/www.assorpdemaistre.wordpress.lemarie.it\/wp-content\/uploads\/2026\/03\/ma-petite-boutique-1.png 733w, https:\/\/www.assorpdemaistre.wordpress.lemarie.it\/wp-content\/uploads\/2026\/03\/ma-petite-boutique-1-300x72.png 300w\" sizes=\"auto, (max-width: 200px) 100vw, 200px\" \/><\/a><\/div>\n\n\n\n<div class=\"wp-block-button is-style-outline is-style-outline--3\"><a class=\"wp-block-button__link wp-element-button\" href=\"https:\/\/www.assorpdemaistre.wordpress.lemarie.it\/index.php\/chapelle\"><img loading=\"lazy\" decoding=\"async\" width=\"180\" height=\"59\" class=\"wp-image-210\" style=\"width: 180px;\" src=\"https:\/\/www.assorpdemaistre.wordpress.lemarie.it\/wp-content\/uploads\/2026\/03\/logo-chapelle.jpg\" alt=\"\" srcset=\"https:\/\/www.assorpdemaistre.wordpress.lemarie.it\/wp-content\/uploads\/2026\/03\/logo-chapelle.jpg 1111w, https:\/\/www.assorpdemaistre.wordpress.lemarie.it\/wp-content\/uploads\/2026\/03\/logo-chapelle-300x98.jpg 300w, https:\/\/www.assorpdemaistre.wordpress.lemarie.it\/wp-content\/uploads\/2026\/03\/logo-chapelle-1024x335.jpg 1024w, https:\/\/www.assorpdemaistre.wordpress.lemarie.it\/wp-content\/uploads\/2026\/03\/logo-chapelle-768x252.jpg 768w\" sizes=\"auto, (max-width: 180px) 100vw, 180px\" \/><\/a><\/div>\n<\/div>\n<\/div><\/div>\n\n\n\n<p><\/p>\n","protected":false},"excerpt":{"rendered":"<p>Situ\u00e9e rue du ch\u00e2teau 27410 Mesnil-en-Ouche Notre gite d&rsquo;\u00e9tape&#8230;. Un g\u00eete pouvant accueillir 15 personnes dont l\u2019entretien est assur\u00e9 par nos jeunes, soit dans le cadre de leur formation, soit d\u2019un emploi r\u00e9mun\u00e9r\u00e9. 15 voyageurs &#8211; 9 chambres &#8211; 10 lits &#8211; 2 salles de bain A l&rsquo;ext\u00e9rieur, une terrasse avec salon de jardin, ainsi&hellip; <br \/> <a class=\"button small blue\" href=\"https:\/\/www.assorpdemaistre.wordpress.lemarie.it\/index.php\/gite\/\">Lire la suite<\/a><\/p>\n","protected":false},"author":1,"featured_media":0,"parent":0,"menu_order":0,"comment_status":"closed","ping_status":"closed","template":"","meta":{"footnotes":""},"class_list":["post-253","page","type-page","status-publish","hentry"],"_links":{"self":[{"href":"https:\/\/www.assorpdemaistre.wordpress.lemarie.it\/index.php\/wp-json\/wp\/v2\/pages\/253","targetHints":{"allow":["GET"]}}],"collection":[{"href":"https:\/\/www.assorpdemaistre.wordpress.lemarie.it\/index.php\/wp-json\/wp\/v2\/pages"}],"about":[{"href":"https:\/\/www.assorpdemaistre.wordpress.lemarie.it\/index.php\/wp-json\/wp\/v2\/types\/page"}],"author":[{"embeddable":true,"href":"https:\/\/www.assorpdemaistre.wordpress.lemarie.it\/index.php\/wp-json\/wp\/v2\/users\/1"}],"replies":[{"embeddable":true,"href":"https:\/\/www.assorpdemaistre.wordpress.lemarie.it\/index.php\/wp-json\/wp\/v2\/comments?post=253"}],"version-history":[{"count":72,"href":"https:\/\/www.assorpdemaistre.wordpress.lemarie.it\/index.php\/wp-json\/wp\/v2\/pages\/253\/revisions"}],"predecessor-version":[{"id":1146,"href":"https:\/\/www.assorpdemaistre.wordpress.lemarie.it\/index.php\/wp-json\/wp\/v2\/pages\/253\/revisions\/1146"}],"wp:attachment":[{"href":"https:\/\/www.assorpdemaistre.wordpress.lemarie.it\/index.php\/wp-json\/wp\/v2\/media?parent=253"}],"curies":[{"name":"wp","href":"https:\/\/api.w.org\/{rel}","templated":true}]}}