{"id":255,"date":"2026-03-18T15:09:03","date_gmt":"2026-03-18T14:09:03","guid":{"rendered":"https:\/\/www.assorpdemaistre.wordpress.lemarie.it\/?page_id=255"},"modified":"2026-04-01T21:31:35","modified_gmt":"2026-04-01T19:31:35","slug":"chapelle","status":"publish","type":"page","link":"https:\/\/www.assorpdemaistre.wordpress.lemarie.it\/index.php\/chapelle\/","title":{"rendered":"Ma chapelle"},"content":{"rendered":"\n<figure class=\"wp-block-image size-large is-resized\"><img loading=\"lazy\" decoding=\"async\" width=\"1024\" height=\"335\" src=\"https:\/\/www.assorpdemaistre.wordpress.lemarie.it\/wp-content\/uploads\/2026\/03\/logo-chapelle-1024x335.jpg\" alt=\"\" class=\"wp-image-210\" style=\"aspect-ratio:3.0567686947382495;width:376px;height:auto\" srcset=\"https:\/\/www.assorpdemaistre.wordpress.lemarie.it\/wp-content\/uploads\/2026\/03\/logo-chapelle-1024x335.jpg 1024w, https:\/\/www.assorpdemaistre.wordpress.lemarie.it\/wp-content\/uploads\/2026\/03\/logo-chapelle-300x98.jpg 300w, https:\/\/www.assorpdemaistre.wordpress.lemarie.it\/wp-content\/uploads\/2026\/03\/logo-chapelle-768x252.jpg 768w, https:\/\/www.assorpdemaistre.wordpress.lemarie.it\/wp-content\/uploads\/2026\/03\/logo-chapelle.jpg 1111w\" sizes=\"auto, (max-width: 1024px) 100vw, 1024px\" \/><\/figure>\n\n\n\n<p><\/p>\n\n\n\n<div class=\"wp-block-columns alignwide is-layout-flex wp-container-core-columns-is-layout-9d6595d7 wp-block-columns-is-layout-flex\">\n<div class=\"wp-block-column is-layout-flow wp-block-column-is-layout-flow\" style=\"flex-basis:25%\">\n<p><strong>Une ravissante<\/strong> <strong>chapelle<\/strong> fin 19\u00b0 si\u00e8cle se blottit dans un coin du parc. De forme reliquaire, on ne peut qu\u2019\u00eatre saisi par sa noble simplicit\u00e9.<\/p>\n\n\n\n<figure class=\"wp-block-image size-full\"><img loading=\"lazy\" decoding=\"async\" width=\"360\" height=\"640\" src=\"https:\/\/www.assorpdemaistre.wordpress.lemarie.it\/wp-content\/uploads\/2026\/03\/chapelle-interieure5.jpg\" alt=\"\" class=\"wp-image-574\" srcset=\"https:\/\/www.assorpdemaistre.wordpress.lemarie.it\/wp-content\/uploads\/2026\/03\/chapelle-interieure5.jpg 360w, https:\/\/www.assorpdemaistre.wordpress.lemarie.it\/wp-content\/uploads\/2026\/03\/chapelle-interieure5-169x300.jpg 169w\" sizes=\"auto, (max-width: 360px) 100vw, 360px\" \/><\/figure>\n\n\n\n<figure class=\"wp-block-image size-large\"><img loading=\"lazy\" decoding=\"async\" width=\"360\" height=\"640\" src=\"https:\/\/www.assorpdemaistre.wordpress.lemarie.it\/wp-content\/uploads\/2026\/03\/chapelle-entree-interieure.jpg\" alt=\"\" class=\"wp-image-572\" srcset=\"https:\/\/www.assorpdemaistre.wordpress.lemarie.it\/wp-content\/uploads\/2026\/03\/chapelle-entree-interieure.jpg 360w, https:\/\/www.assorpdemaistre.wordpress.lemarie.it\/wp-content\/uploads\/2026\/03\/chapelle-entree-interieure-169x300.jpg 169w\" sizes=\"auto, (max-width: 360px) 100vw, 360px\" \/><\/figure>\n\n\n\n<figure class=\"wp-block-image size-full\"><img loading=\"lazy\" decoding=\"async\" width=\"360\" height=\"640\" src=\"https:\/\/www.assorpdemaistre.wordpress.lemarie.it\/wp-content\/uploads\/2026\/03\/chapelle-crypte.jpg\" alt=\"\" class=\"wp-image-562\" srcset=\"https:\/\/www.assorpdemaistre.wordpress.lemarie.it\/wp-content\/uploads\/2026\/03\/chapelle-crypte.jpg 360w, https:\/\/www.assorpdemaistre.wordpress.lemarie.it\/wp-content\/uploads\/2026\/03\/chapelle-crypte-169x300.jpg 169w\" sizes=\"auto, (max-width: 360px) 100vw, 360px\" \/><\/figure>\n\n\n\n<p>Des offices religieux peuvent y \u00eatre c\u00e9l\u00e9br\u00e9s&nbsp;; des concerts ou des conf\u00e9rences y trouvent \u00e9galement place.<\/p>\n\n\n\n<p> Temple de l\u2019esprit, nos jeunes comme toutes autres personnes y sont invit\u00e9s.<\/p>\n<\/div>\n\n\n\n<div class=\"wp-block-column is-layout-flow wp-block-column-is-layout-flow\" style=\"flex-basis:25%\">\n<figure class=\"wp-block-image size-full is-style-default\"><img loading=\"lazy\" decoding=\"async\" width=\"360\" height=\"640\" src=\"https:\/\/www.assorpdemaistre.wordpress.lemarie.it\/wp-content\/uploads\/2026\/03\/chapelle-entree2.jpg\" alt=\"\" class=\"wp-image-566\" srcset=\"https:\/\/www.assorpdemaistre.wordpress.lemarie.it\/wp-content\/uploads\/2026\/03\/chapelle-entree2.jpg 360w, https:\/\/www.assorpdemaistre.wordpress.lemarie.it\/wp-content\/uploads\/2026\/03\/chapelle-entree2-169x300.jpg 169w\" sizes=\"auto, (max-width: 360px) 100vw, 360px\" \/><\/figure>\n\n\n\n<figure class=\"wp-block-image size-full\"><img loading=\"lazy\" decoding=\"async\" width=\"360\" height=\"640\" src=\"https:\/\/www.assorpdemaistre.wordpress.lemarie.it\/wp-content\/uploads\/2026\/03\/chapelle-interieure-1.jpg\" alt=\"\" class=\"wp-image-569\" srcset=\"https:\/\/www.assorpdemaistre.wordpress.lemarie.it\/wp-content\/uploads\/2026\/03\/chapelle-interieure-1.jpg 360w, https:\/\/www.assorpdemaistre.wordpress.lemarie.it\/wp-content\/uploads\/2026\/03\/chapelle-interieure-1-169x300.jpg 169w\" sizes=\"auto, (max-width: 360px) 100vw, 360px\" \/><\/figure>\n\n\n\n<div class=\"wp-block-group is-nowrap is-layout-flex wp-container-core-group-is-layout-ad2f72ca wp-block-group-is-layout-flex\">\n<p>Un escalier droit descendant vers le niveau semi enterr\u00e9 formant crypte, et deux escaliers montants sym\u00e9triques et courbes permettant l\u2019acc\u00e8s \u00e0 la chapelle proprement dite.<\/p>\n<\/div>\n\n\n\n<figure class=\"wp-block-image size-large\"><img loading=\"lazy\" decoding=\"async\" width=\"360\" height=\"640\" src=\"https:\/\/www.assorpdemaistre.wordpress.lemarie.it\/wp-content\/uploads\/2026\/03\/plaque-pere-joseph-de-maistre2.jpg\" alt=\"\" class=\"wp-image-575\" style=\"aspect-ratio:0.5624999815020074\" srcset=\"https:\/\/www.assorpdemaistre.wordpress.lemarie.it\/wp-content\/uploads\/2026\/03\/plaque-pere-joseph-de-maistre2.jpg 360w, https:\/\/www.assorpdemaistre.wordpress.lemarie.it\/wp-content\/uploads\/2026\/03\/plaque-pere-joseph-de-maistre2-169x300.jpg 169w\" sizes=\"auto, (max-width: 360px) 100vw, 360px\" \/><\/figure>\n\n\n\n<p><\/p>\n<\/div>\n\n\n\n<div class=\"wp-block-column is-layout-flow wp-block-column-is-layout-flow\" style=\"flex-basis:45%\">\n<figure class=\"wp-block-image size-full is-style-default\"><img loading=\"lazy\" decoding=\"async\" width=\"640\" height=\"360\" src=\"https:\/\/www.assorpdemaistre.wordpress.lemarie.it\/wp-content\/uploads\/2026\/03\/chapelle-pignon.jpg\" alt=\"\" class=\"wp-image-567\" srcset=\"https:\/\/www.assorpdemaistre.wordpress.lemarie.it\/wp-content\/uploads\/2026\/03\/chapelle-pignon.jpg 640w, https:\/\/www.assorpdemaistre.wordpress.lemarie.it\/wp-content\/uploads\/2026\/03\/chapelle-pignon-300x169.jpg 300w\" sizes=\"auto, (max-width: 640px) 100vw, 640px\" \/><\/figure>\n\n\n\n<figure class=\"wp-block-image size-full\"><img loading=\"lazy\" decoding=\"async\" width=\"360\" height=\"640\" src=\"https:\/\/www.assorpdemaistre.wordpress.lemarie.it\/wp-content\/uploads\/2026\/03\/chapelle-interieure3.jpg\" alt=\"\" class=\"wp-image-570\" srcset=\"https:\/\/www.assorpdemaistre.wordpress.lemarie.it\/wp-content\/uploads\/2026\/03\/chapelle-interieure3.jpg 360w, https:\/\/www.assorpdemaistre.wordpress.lemarie.it\/wp-content\/uploads\/2026\/03\/chapelle-interieure3-169x300.jpg 169w\" sizes=\"auto, (max-width: 360px) 100vw, 360px\" \/><\/figure>\n\n\n<div class=\"wp-block-image\">\n<figure class=\"aligncenter size-full\"><img loading=\"lazy\" decoding=\"async\" width=\"640\" height=\"360\" src=\"https:\/\/www.assorpdemaistre.wordpress.lemarie.it\/wp-content\/uploads\/2026\/03\/chapelle-crypte3.jpg\" alt=\"\" class=\"wp-image-564\" srcset=\"https:\/\/www.assorpdemaistre.wordpress.lemarie.it\/wp-content\/uploads\/2026\/03\/chapelle-crypte3.jpg 640w, https:\/\/www.assorpdemaistre.wordpress.lemarie.it\/wp-content\/uploads\/2026\/03\/chapelle-crypte3-300x169.jpg 300w\" sizes=\"auto, (max-width: 640px) 100vw, 640px\" \/><\/figure>\n<\/div>\n\n\n<figure class=\"wp-block-gallery has-nested-images columns-default is-cropped wp-block-gallery-1 is-layout-flex wp-block-gallery-is-layout-flex\">\n<figure class=\"wp-block-image size-large\"><img loading=\"lazy\" decoding=\"async\" width=\"640\" height=\"360\" data-id=\"563\" src=\"https:\/\/www.assorpdemaistre.wordpress.lemarie.it\/wp-content\/uploads\/2026\/03\/chapelle-crypte2.jpg\" alt=\"\" class=\"wp-image-563\" srcset=\"https:\/\/www.assorpdemaistre.wordpress.lemarie.it\/wp-content\/uploads\/2026\/03\/chapelle-crypte2.jpg 640w, https:\/\/www.assorpdemaistre.wordpress.lemarie.it\/wp-content\/uploads\/2026\/03\/chapelle-crypte2-300x169.jpg 300w\" sizes=\"auto, (max-width: 640px) 100vw, 640px\" \/><\/figure>\n<\/figure>\n\n\n\n<figure class=\"wp-block-image size-full\"><img loading=\"lazy\" decoding=\"async\" width=\"640\" height=\"360\" src=\"https:\/\/www.assorpdemaistre.wordpress.lemarie.it\/wp-content\/uploads\/2026\/03\/tombeau.jpg\" alt=\"\" class=\"wp-image-577\" srcset=\"https:\/\/www.assorpdemaistre.wordpress.lemarie.it\/wp-content\/uploads\/2026\/03\/tombeau.jpg 640w, https:\/\/www.assorpdemaistre.wordpress.lemarie.it\/wp-content\/uploads\/2026\/03\/tombeau-300x169.jpg 300w\" sizes=\"auto, (max-width: 640px) 100vw, 640px\" \/><\/figure>\n\n\n\n<p><strong>Pour tout renseignement :    contactez-nous<\/strong><\/p>\n<\/div>\n<\/div>\n\n\n\n<div class=\"wp-block-buttons is-content-justification-center is-layout-flex wp-container-core-buttons-is-layout-16018d1d wp-block-buttons-is-layout-flex\">\n<div class=\"wp-block-button is-style-outline is-style-outline--2\"><a class=\"wp-block-button__link wp-element-button\" href=\"https:\/\/www.assorpdemaistre.wordpress.lemarie.it\/index.php\/blanchisserie\"><img loading=\"lazy\" decoding=\"async\" width=\"220\" height=\"91\" class=\"wp-image-152\" style=\"width: 220px;\" src=\"https:\/\/www.assorpdemaistre.wordpress.lemarie.it\/wp-content\/uploads\/2026\/03\/LOGO-MA-BLANCHISSERIE1.jpg\" alt=\"\" srcset=\"https:\/\/www.assorpdemaistre.wordpress.lemarie.it\/wp-content\/uploads\/2026\/03\/LOGO-MA-BLANCHISSERIE1.jpg 2008w, https:\/\/www.assorpdemaistre.wordpress.lemarie.it\/wp-content\/uploads\/2026\/03\/LOGO-MA-BLANCHISSERIE1-300x124.jpg 300w, https:\/\/www.assorpdemaistre.wordpress.lemarie.it\/wp-content\/uploads\/2026\/03\/LOGO-MA-BLANCHISSERIE1-1024x422.jpg 1024w, https:\/\/www.assorpdemaistre.wordpress.lemarie.it\/wp-content\/uploads\/2026\/03\/LOGO-MA-BLANCHISSERIE1-768x316.jpg 768w, https:\/\/www.assorpdemaistre.wordpress.lemarie.it\/wp-content\/uploads\/2026\/03\/LOGO-MA-BLANCHISSERIE1-1536x633.jpg 1536w, https:\/\/www.assorpdemaistre.wordpress.lemarie.it\/wp-content\/uploads\/2026\/03\/LOGO-MA-BLANCHISSERIE1-1920x791.jpg 1920w\" sizes=\"auto, (max-width: 220px) 100vw, 220px\" \/><\/a><\/div>\n\n\n\n<div class=\"wp-block-button is-style-outline is-style-outline--3\"><a class=\"wp-block-button__link wp-element-button\" href=\"https:\/\/www.assorpdemaistre.wordpress.lemarie.it\/index.php\/boutique\"><img loading=\"lazy\" decoding=\"async\" width=\"220\" height=\"53\" class=\"wp-image-228\" style=\"width: 220px;\" src=\"https:\/\/www.assorpdemaistre.wordpress.lemarie.it\/wp-content\/uploads\/2026\/03\/ma-petite-boutique-1.png\" alt=\"\" srcset=\"https:\/\/www.assorpdemaistre.wordpress.lemarie.it\/wp-content\/uploads\/2026\/03\/ma-petite-boutique-1.png 733w, https:\/\/www.assorpdemaistre.wordpress.lemarie.it\/wp-content\/uploads\/2026\/03\/ma-petite-boutique-1-300x72.png 300w\" sizes=\"auto, (max-width: 220px) 100vw, 220px\" \/><\/a><\/div>\n\n\n\n<div class=\"wp-block-button is-style-outline is-style-outline--4\"><a class=\"wp-block-button__link wp-element-button\" href=\"https:\/\/www.assorpdemaistre.wordpress.lemarie.it\/index.php\/gite\"><img loading=\"lazy\" decoding=\"async\" width=\"150\" height=\"70\" class=\"wp-image-218\" style=\"width: 150px;\" src=\"https:\/\/www.assorpdemaistre.wordpress.lemarie.it\/wp-content\/uploads\/2026\/03\/logo-gite1.png\" alt=\"\" srcset=\"https:\/\/www.assorpdemaistre.wordpress.lemarie.it\/wp-content\/uploads\/2026\/03\/logo-gite1.png 1341w, https:\/\/www.assorpdemaistre.wordpress.lemarie.it\/wp-content\/uploads\/2026\/03\/logo-gite1-300x139.png 300w, https:\/\/www.assorpdemaistre.wordpress.lemarie.it\/wp-content\/uploads\/2026\/03\/logo-gite1-1024x476.png 1024w, https:\/\/www.assorpdemaistre.wordpress.lemarie.it\/wp-content\/uploads\/2026\/03\/logo-gite1-768x357.png 768w\" sizes=\"auto, (max-width: 150px) 100vw, 150px\" \/><\/a><\/div>\n<\/div>\n\n\n\n<p><\/p>\n","protected":false},"excerpt":{"rendered":"<p>Une ravissante chapelle fin 19\u00b0 si\u00e8cle se blottit dans un coin du parc. De forme reliquaire, on ne peut qu\u2019\u00eatre saisi par sa noble simplicit\u00e9. Des offices religieux peuvent y \u00eatre c\u00e9l\u00e9br\u00e9s&nbsp;; des concerts ou des conf\u00e9rences y trouvent \u00e9galement place. Temple de l\u2019esprit, nos jeunes comme toutes autres personnes y sont invit\u00e9s. Un escalier&hellip; <br \/> <a class=\"button small blue\" href=\"https:\/\/www.assorpdemaistre.wordpress.lemarie.it\/index.php\/chapelle\/\">Lire la suite<\/a><\/p>\n","protected":false},"author":1,"featured_media":0,"parent":0,"menu_order":0,"comment_status":"closed","ping_status":"closed","template":"","meta":{"footnotes":""},"class_list":["post-255","page","type-page","status-publish","hentry"],"_links":{"self":[{"href":"https:\/\/www.assorpdemaistre.wordpress.lemarie.it\/index.php\/wp-json\/wp\/v2\/pages\/255","targetHints":{"allow":["GET"]}}],"collection":[{"href":"https:\/\/www.assorpdemaistre.wordpress.lemarie.it\/index.php\/wp-json\/wp\/v2\/pages"}],"about":[{"href":"https:\/\/www.assorpdemaistre.wordpress.lemarie.it\/index.php\/wp-json\/wp\/v2\/types\/page"}],"author":[{"embeddable":true,"href":"https:\/\/www.assorpdemaistre.wordpress.lemarie.it\/index.php\/wp-json\/wp\/v2\/users\/1"}],"replies":[{"embeddable":true,"href":"https:\/\/www.assorpdemaistre.wordpress.lemarie.it\/index.php\/wp-json\/wp\/v2\/comments?post=255"}],"version-history":[{"count":15,"href":"https:\/\/www.assorpdemaistre.wordpress.lemarie.it\/index.php\/wp-json\/wp\/v2\/pages\/255\/revisions"}],"predecessor-version":[{"id":979,"href":"https:\/\/www.assorpdemaistre.wordpress.lemarie.it\/index.php\/wp-json\/wp\/v2\/pages\/255\/revisions\/979"}],"wp:attachment":[{"href":"https:\/\/www.assorpdemaistre.wordpress.lemarie.it\/index.php\/wp-json\/wp\/v2\/media?parent=255"}],"curies":[{"name":"wp","href":"https:\/\/api.w.org\/{rel}","templated":true}]}}