{"id":398,"date":"2026-03-25T15:24:43","date_gmt":"2026-03-25T14:24:43","guid":{"rendered":"https:\/\/www.assorpdemaistre.wordpress.lemarie.it\/?page_id=398"},"modified":"2026-04-28T19:24:49","modified_gmt":"2026-04-28T17:24:49","slug":"dame","status":"publish","type":"page","link":"https:\/\/www.assorpdemaistre.wordpress.lemarie.it\/index.php\/dame\/","title":{"rendered":"DAME"},"content":{"rendered":"\n<div class=\"wp-block-group alignfull has-background\" style=\"background-color:#f5eac1;padding-top:6vw;padding-right:6vw;padding-bottom:6vw;padding-left:6vw\"><div class=\"wp-block-group__inner-container is-layout-flow wp-block-group-is-layout-flow\">\n<div class=\"wp-block-group is-vertical is-nowrap is-layout-flex wp-container-core-group-is-layout-287ef9cb wp-block-group-is-layout-flex\" style=\"padding-right:0;padding-left:0\">\n<p class=\"has-text-color\" style=\"color:#000000;font-size:6vw;font-style:normal;font-weight:700;letter-spacing:0px;line-height:0.9;text-decoration:none;text-transform:none\">Organisation<\/p>\n<\/div>\n\n\n\n<p><\/p>\n\n\n\n<div class=\"wp-block-group\"><div class=\"wp-block-group__inner-container is-layout-constrained wp-block-group-is-layout-constrained\">\n<div class=\"wp-block-columns is-layout-flex wp-container-core-columns-is-layout-9d6595d7 wp-block-columns-is-layout-flex\">\n<div class=\"wp-block-column is-vertically-aligned-top is-layout-flow wp-block-column-is-layout-flow\" style=\"flex-basis:100%\">\n<div class=\"wp-block-columns is-layout-flex wp-container-core-columns-is-layout-9d6595d7 wp-block-columns-is-layout-flex\">\n<div class=\"wp-block-column is-layout-flow wp-block-column-is-layout-flow\" style=\"flex-basis:100%\">\n<p>Le <strong>Dispositif d\u2019Accompagnement M\u00e9dico Educatif<\/strong> (DAME ) de Beaumesnil est constitu\u00e9 de deux unit\u00e9s principales :<\/p>\n<\/div>\n<\/div>\n\n\n\n<p><\/p>\n\n\n\n<hr class=\"wp-block-separator has-alpha-channel-opacity\"\/>\n\n\n\n<div class=\"wp-block-columns is-layout-flex wp-container-core-columns-is-layout-9d6595d7 wp-block-columns-is-layout-flex\">\n<div class=\"wp-block-column is-layout-flow wp-block-column-is-layout-flow\" style=\"flex-basis:66.66%\">\n<p><\/p>\n\n\n\n<p class=\"has-text-align-left\">Une <strong>Section \u00c9ducative et d\u2019Enseignement Sp\u00e9cialis\u00e9e<\/strong> (SEES), pour les jeunes de <strong>0 \u00e0 14 ans<\/strong>.<\/p>\n\n\n\n<p><\/p>\n\n\n\n<p class=\"has-text-align-center\"><strong><em>R\u00e9partie en 2 P\u00f4les.<\/em><\/strong><\/p>\n\n\n\n<div class=\"wp-block-buttons is-content-justification-center is-layout-flex wp-container-core-buttons-is-layout-5e6b19ed wp-block-buttons-is-layout-flex\">\n<div class=\"wp-block-button\"><a class=\"wp-block-button__link wp-element-button\" href=\"https:\/\/www.assorpdemaistre.wordpress.lemarie.it\/index.php\/enfance-exterieur\">Pole enfance ext\u00e9rieur<\/a><\/div>\n\n\n\n<div class=\"wp-block-button\"><a class=\"wp-block-button__link wp-element-button\" href=\"https:\/\/www.assorpdemaistre.wordpress.lemarie.it\/index.php\/enfance-interieur\">Pole enfance int\u00e9rieur<\/a><\/div>\n<\/div>\n\n\n\n<p><\/p>\n<\/div>\n\n\n\n<div class=\"wp-block-column is-layout-flow wp-block-column-is-layout-flow\" style=\"flex-basis:33.33%\"><div class=\"wp-block-image\">\n<figure class=\"alignright size-large is-resized\"><img decoding=\"async\" src=\"https:\/\/s.w.org\/images\/core\/5.8\/outside-02.jpg\" alt=\"Des \u00e9oliennes se tiennent sur une plaine herbeuse, avec un ciel bleu en arri\u00e8re-plan.\" style=\"aspect-ratio:0.7501734482680481;width:198px;height:auto\"\/><\/figure>\n<\/div><\/div>\n<\/div>\n<\/div>\n<\/div>\n\n\n\n<hr class=\"wp-block-separator has-alpha-channel-opacity\"\/>\n\n\n\n<div class=\"wp-block-columns is-layout-flex wp-container-core-columns-is-layout-9d6595d7 wp-block-columns-is-layout-flex\">\n<div class=\"wp-block-column is-layout-flow wp-block-column-is-layout-flow\" style=\"flex-basis:33.33%\">\n<figure class=\"wp-block-image size-large is-resized\"><img decoding=\"async\" src=\"https:\/\/s.w.org\/images\/core\/5.8\/outside-01.jpg\" alt=\"Le soleil se couchant derri\u00e8re une for\u00eat dense.\" style=\"aspect-ratio:0.748485346649992;width:183px;height:auto\"\/><\/figure>\n<\/div>\n\n\n\n<div class=\"wp-block-column is-layout-flow wp-block-column-is-layout-flow\" style=\"flex-basis:66.66%\">\n<p><\/p>\n\n\n\n<p>Une <strong>Section d\u2019initiation et de Premi\u00e8re Formation Professionnelle<\/strong> ( SIPFP ), pour les personnes de <strong>15 \u00e0 20 ans<\/strong>.<\/p>\n\n\n\n<p><\/p>\n\n\n\n<p><\/p>\n\n\n\n<p><\/p>\n\n\n\n<div class=\"wp-block-buttons is-content-justification-center is-layout-flex wp-container-core-buttons-is-layout-16018d1d wp-block-buttons-is-layout-flex\">\n<div class=\"wp-block-button\"><a class=\"wp-block-button__link wp-element-button\" href=\"https:\/\/www.assorpdemaistre.wordpress.lemarie.it\/index.php\/ados-adultes\">Pole ados &#8211; jeunes adultes<\/a><\/div>\n<\/div>\n<\/div>\n<\/div>\n<\/div><\/div>\n\n\n\n<hr class=\"wp-block-separator has-alpha-channel-opacity\"\/>\n\n\n\n<h2 class=\"wp-block-heading has-text-align-center\">Public<\/h2>\n\n\n\n<p class=\"has-text-align-center\">Enfants de 0 \u00e0 6 ans<\/p>\n\n\n\n<p class=\"has-text-align-center\">Enfants et pr\u00e9adolescents de 6 \u00e0 14 ans<\/p>\n\n\n\n<p class=\"has-text-align-center\">Adolescents et jeunes adultes de 15 \u00e0 20 ans<\/p>\n\n\n\n<div class=\"wp-block-group is-content-justification-center is-nowrap is-layout-flex wp-container-core-group-is-layout-94bc23d7 wp-block-group-is-layout-flex\">\n<figure class=\"wp-block-image size-full\"><img loading=\"lazy\" decoding=\"async\" width=\"195\" height=\"126\" src=\"https:\/\/www.assorpdemaistre.wordpress.lemarie.it\/wp-content\/uploads\/2026\/04\/deficience-1.jpg\" alt=\"\" class=\"wp-image-843\"\/><\/figure>\n\n\n\n<figure class=\"wp-block-image size-full\"><img loading=\"lazy\" decoding=\"async\" width=\"195\" height=\"124\" src=\"https:\/\/www.assorpdemaistre.wordpress.lemarie.it\/wp-content\/uploads\/2026\/04\/psychique-1.jpg\" alt=\"\" class=\"wp-image-840\"\/><\/figure>\n\n\n\n<figure class=\"wp-block-image size-full\"><img loading=\"lazy\" decoding=\"async\" width=\"196\" height=\"126\" src=\"https:\/\/www.assorpdemaistre.wordpress.lemarie.it\/wp-content\/uploads\/2026\/04\/autisme-1.jpg\" alt=\"\" class=\"wp-image-841\"\/><\/figure>\n<\/div>\n\n\n\n<hr class=\"wp-block-separator has-alpha-channel-opacity\"\/>\n\n\n\n<p><\/p>\n\n\n\n<h4 class=\"wp-block-heading has-text-align-center\"><a><strong><mark style=\"background-color:#0693e3\" class=\"has-inline-color has-white-color\"><kbd>Tous modes d\u2019accueil et d\u2019accompagnement<\/kbd><\/mark><\/strong><\/a><\/h4>\n\n\n\n<h3 class=\"wp-block-heading has-text-align-center\">Principes<\/h3>\n\n\n\n<p class=\"has-text-align-center\">Dispositif inclusif d\u2019accompagnements diversifi\u00e9s et modulables<\/p>\n\n\n\n<p class=\"has-text-align-center\">Plateforme de services<\/p>\n\n\n\n<p class=\"has-text-align-center\">Acc\u00e8s \u00e0 la vie citoyenne, professionnelle et au logement autonome<\/p>\n\n\n\n<p class=\"has-text-align-center\">Am\u00e9liorer et rendre lisible le travail d\u2019accompagnement et d\u2019\u00e9changes avec les familles<\/p>\n\n\n\n<p class=\"has-text-align-center\">Accompagner l\u2019\u00e9volution des pratiques professionnelles<\/p>\n\n\n\n<hr class=\"wp-block-separator has-alpha-channel-opacity\"\/>\n\n\n\n<div class=\"wp-block-columns is-layout-flex wp-container-core-columns-is-layout-9d6595d7 wp-block-columns-is-layout-flex\">\n<div class=\"wp-block-column is-layout-flow wp-block-column-is-layout-flow\" style=\"flex-basis:33.33%\">\n<div class=\"wp-block-buttons is-layout-flex wp-block-buttons-is-layout-flex\">\n<div class=\"wp-block-button\"><a class=\"wp-block-button__link wp-element-button\" href=\"https:\/\/www.assorpdemaistre.wordpress.lemarie.it\/index.php\/soin-administratif-logistique\">Soin, Administratif, Logistique<\/a><\/div>\n<\/div>\n<\/div>\n\n\n\n<div class=\"wp-block-column is-layout-flow wp-block-column-is-layout-flow\"><\/div>\n\n\n\n<div class=\"wp-block-column is-layout-flow wp-block-column-is-layout-flow\" style=\"flex-basis:66.66%\">\n<p>Pour compl\u00e9ter son organisation, le <strong>Dispositif d\u2019Accompagnement M\u00e9dico Educatif<\/strong> (DAME ) est dot\u00e9 d&rsquo;un p\u00f4le soin, d&rsquo;un p\u00f4le administratif, et d&rsquo;un p\u00f4le logistique.<\/p>\n<\/div>\n<\/div>\n<\/div><\/div>\n\n\n\n<p><\/p>\n","protected":false},"excerpt":{"rendered":"<p>Organisation Le Dispositif d\u2019Accompagnement M\u00e9dico Educatif (DAME ) de Beaumesnil est constitu\u00e9 de deux unit\u00e9s principales : Une Section \u00c9ducative et d\u2019Enseignement Sp\u00e9cialis\u00e9e (SEES), pour les jeunes de 0 \u00e0 14 ans. R\u00e9partie en 2 P\u00f4les. Une Section d\u2019initiation et de Premi\u00e8re Formation Professionnelle ( SIPFP ), pour les personnes de 15 \u00e0 20 ans.&hellip; <br \/> <a class=\"button small blue\" href=\"https:\/\/www.assorpdemaistre.wordpress.lemarie.it\/index.php\/dame\/\">Lire la suite<\/a><\/p>\n","protected":false},"author":1,"featured_media":0,"parent":0,"menu_order":0,"comment_status":"closed","ping_status":"closed","template":"","meta":{"footnotes":""},"class_list":["post-398","page","type-page","status-publish","hentry"],"_links":{"self":[{"href":"https:\/\/www.assorpdemaistre.wordpress.lemarie.it\/index.php\/wp-json\/wp\/v2\/pages\/398","targetHints":{"allow":["GET"]}}],"collection":[{"href":"https:\/\/www.assorpdemaistre.wordpress.lemarie.it\/index.php\/wp-json\/wp\/v2\/pages"}],"about":[{"href":"https:\/\/www.assorpdemaistre.wordpress.lemarie.it\/index.php\/wp-json\/wp\/v2\/types\/page"}],"author":[{"embeddable":true,"href":"https:\/\/www.assorpdemaistre.wordpress.lemarie.it\/index.php\/wp-json\/wp\/v2\/users\/1"}],"replies":[{"embeddable":true,"href":"https:\/\/www.assorpdemaistre.wordpress.lemarie.it\/index.php\/wp-json\/wp\/v2\/comments?post=398"}],"version-history":[{"count":63,"href":"https:\/\/www.assorpdemaistre.wordpress.lemarie.it\/index.php\/wp-json\/wp\/v2\/pages\/398\/revisions"}],"predecessor-version":[{"id":1156,"href":"https:\/\/www.assorpdemaistre.wordpress.lemarie.it\/index.php\/wp-json\/wp\/v2\/pages\/398\/revisions\/1156"}],"wp:attachment":[{"href":"https:\/\/www.assorpdemaistre.wordpress.lemarie.it\/index.php\/wp-json\/wp\/v2\/media?parent=398"}],"curies":[{"name":"wp","href":"https:\/\/api.w.org\/{rel}","templated":true}]}}