{"id":400,"date":"2026-03-25T15:25:12","date_gmt":"2026-03-25T14:25:12","guid":{"rendered":"https:\/\/www.assorpdemaistre.wordpress.lemarie.it\/?page_id=400"},"modified":"2026-04-19T19:32:26","modified_gmt":"2026-04-19T17:32:26","slug":"asso","status":"publish","type":"page","link":"https:\/\/www.assorpdemaistre.wordpress.lemarie.it\/index.php\/asso\/","title":{"rendered":"ASSOCIATION"},"content":{"rendered":"\n<div class=\"wp-block-group alignfull has-contrast-color has-text-color has-link-color wp-elements-7ff4ced5ac168868ae3aac77be1e3475\" style=\"padding-top:var(--wp--preset--spacing--30);padding-right:var(--wp--preset--spacing--30);padding-bottom:var(--wp--preset--spacing--30);padding-left:var(--wp--preset--spacing--30)\"><div class=\"wp-block-group__inner-container is-layout-constrained wp-container-core-group-is-layout-97875daf wp-block-group-is-layout-constrained\">\n<div class=\"wp-block-group alignwide is-content-justification-space-between is-layout-flex wp-container-core-group-is-layout-256aec57 wp-block-group-is-layout-flex\">\n<div class=\"wp-block-group is-layout-flex wp-block-group-is-layout-flex\"><div class=\"is-default-size wp-block-site-logo\"><a href=\"https:\/\/www.assorpdemaistre.wordpress.lemarie.it\/\" class=\"custom-logo-link\" rel=\"home\"><img loading=\"lazy\" decoding=\"async\" width=\"1182\" height=\"252\" src=\"https:\/\/www.assorpdemaistre.wordpress.lemarie.it\/wp-content\/uploads\/2026\/03\/cropped-cropped-cropped-RPdeMaistre_Logo-1.png\" class=\"custom-logo\" alt=\"Association RP de Maistre\" srcset=\"https:\/\/www.assorpdemaistre.wordpress.lemarie.it\/wp-content\/uploads\/2026\/03\/cropped-cropped-cropped-RPdeMaistre_Logo-1.png 1182w, https:\/\/www.assorpdemaistre.wordpress.lemarie.it\/wp-content\/uploads\/2026\/03\/cropped-cropped-cropped-RPdeMaistre_Logo-1-300x64.png 300w, https:\/\/www.assorpdemaistre.wordpress.lemarie.it\/wp-content\/uploads\/2026\/03\/cropped-cropped-cropped-RPdeMaistre_Logo-1-1024x218.png 1024w, https:\/\/www.assorpdemaistre.wordpress.lemarie.it\/wp-content\/uploads\/2026\/03\/cropped-cropped-cropped-RPdeMaistre_Logo-1-768x164.png 768w\" sizes=\"auto, (max-width: 1182px) 100vw, 1182px\" \/><\/a><\/div>\n\n\n<div class=\"wp-block-group is-vertical is-layout-flex wp-container-core-group-is-layout-5d5a54e7 wp-block-group-is-layout-flex\"><h1 class=\"has-link-color wp-elements-d6202aa7d337f2ce08aedc8ed261a84e wp-block-site-title\"><a href=\"https:\/\/www.assorpdemaistre.wordpress.lemarie.it\" target=\"_self\" rel=\"home\">Association RP de Maistre<\/a><\/h1>\n\n<p class=\"wp-block-site-tagline has-small-font-size\">Accompagner des jeunes porteurs de handicaps<\/p><\/div>\n<\/div>\n<\/div>\n<\/div><\/div>\n\n\n\n<div class=\"wp-block-columns alignfull is-layout-flex wp-container-core-columns-is-layout-9d6595d7 wp-block-columns-is-layout-flex\">\n<div class=\"wp-block-column is-layout-flow wp-block-column-is-layout-flow\" style=\"flex-basis:50%\">\n<div class=\"wp-block-cover is-light\" style=\"min-height:600px;aspect-ratio:unset;\"><span aria-hidden=\"true\" class=\"wp-block-cover__background has-background-dim-100 has-background-dim\" style=\"background-color:#f6f6f6\"><\/span><div class=\"wp-block-cover__inner-container is-layout-flow wp-block-cover-is-layout-flow\"><div class=\"wp-block-image\">\n<figure class=\"aligncenter size-medium is-resized\"><img loading=\"lazy\" decoding=\"async\" width=\"300\" height=\"212\" src=\"https:\/\/www.assorpdemaistre.wordpress.lemarie.it\/wp-content\/uploads\/2026\/04\/derssin-page-004-1-300x212.jpg\" alt=\"\" class=\"wp-image-1077\" style=\"width:384px;height:auto\" srcset=\"https:\/\/www.assorpdemaistre.wordpress.lemarie.it\/wp-content\/uploads\/2026\/04\/derssin-page-004-1-300x212.jpg 300w, https:\/\/www.assorpdemaistre.wordpress.lemarie.it\/wp-content\/uploads\/2026\/04\/derssin-page-004-1-1024x724.jpg 1024w, https:\/\/www.assorpdemaistre.wordpress.lemarie.it\/wp-content\/uploads\/2026\/04\/derssin-page-004-1-768x543.jpg 768w, https:\/\/www.assorpdemaistre.wordpress.lemarie.it\/wp-content\/uploads\/2026\/04\/derssin-page-004-1-1536x1086.jpg 1536w, https:\/\/www.assorpdemaistre.wordpress.lemarie.it\/wp-content\/uploads\/2026\/04\/derssin-page-004-1-1528x1080.jpg 1528w, https:\/\/www.assorpdemaistre.wordpress.lemarie.it\/wp-content\/uploads\/2026\/04\/derssin-page-004-1.jpg 1754w\" sizes=\"auto, (max-width: 300px) 100vw, 300px\" \/><figcaption class=\"wp-element-caption\"><strong>\u0152uvre de Morgane <\/strong><\/figcaption><\/figure>\n<\/div><\/div><\/div>\n<\/div>\n\n\n\n<div class=\"wp-block-column is-vertically-aligned-center is-layout-flow wp-block-column-is-layout-flow\" style=\"padding-top:1em;padding-right:1em;padding-bottom:1em;padding-left:1em\">\n<div class=\"wp-block-columns is-layout-flex wp-container-core-columns-is-layout-9d6595d7 wp-block-columns-is-layout-flex\">\n<div class=\"wp-block-column is-layout-flow wp-block-column-is-layout-flow\" style=\"flex-basis:320px\">\n<h4 class=\"wp-block-heading\"><em>L\u2019association rp&nbsp;de Maistre est une Association, loi 1901, reconnue d\u2019utilit\u00e9 publique.<\/em><\/h4>\n\n\n\n<p>\u2013&nbsp;<strong>Propri\u00e9taire<\/strong>&nbsp;du terrain et des locaux qu\u2019elle met gracieusement \u00e0 la disposition du DAME, \u00e9tablissement priv\u00e9, la\u00efc,&nbsp;du secteur sanitaire et social.<\/p>\n\n\n\n<p>\u2013&nbsp;<strong>G\u00e8re et anime<\/strong>&nbsp;cet \u00e9tablissement avec la participation de l\u2019Etat, et l\u2019ensemble des professionnels dont elle nomme le personnel d\u2019encadrement.<\/p>\n\n\n\n<p>\u2013&nbsp;<strong>Associ\u00e9e<\/strong>&nbsp;au conseil de la Vie Sociale qui r\u00e9unit aussi les repr\u00e9sentants des enfants, de leurs parents, du personnel et de la direction de l\u2019\u00e9tablissement.<\/p>\n<\/div>\n<\/div>\n<\/div>\n<\/div>\n\n\n\n<div class=\"wp-block-columns alignwide are-vertically-aligned-center is-layout-flex wp-container-core-columns-is-layout-829b1d53 wp-block-columns-is-layout-flex\" style=\"margin-bottom:0\">\n<div class=\"wp-block-column is-vertically-aligned-center has-text-color has-background has-link-color wp-elements-515e6418f1626bf189b125eb2c7df8c1 is-layout-flow wp-block-column-is-layout-flow\" style=\"color:#000000;background-color:#ffe97d;padding-top:2em;padding-right:2em;padding-bottom:2em;padding-left:2em\">\n<h2 class=\"wp-block-heading\" id=\"single\" style=\"font-size:40px\"><strong>R\u00e8glement int\u00e9rieur<\/strong><\/h2>\n\n\n\n<p class=\"has-normal-font-size\" style=\"line-height:1.5\"><strong>Adopt\u00e9 le 4 avril 2022<\/strong><\/p>\n\n\n\n<hr class=\"wp-block-separator has-text-color has-css-opacity has-background is-style-wide\" style=\"background-color:#000000;color:#000000\"\/>\n\n\n\n<div class=\"wp-block-buttons alignfull is-horizontal is-content-justification-center is-layout-flex wp-container-core-buttons-is-layout-499968f5 wp-block-buttons-is-layout-flex\">\n<div class=\"wp-block-button has-custom-width wp-block-button__width-100\"><a class=\"wp-block-button__link has-white-color has-text-color has-background no-border-radius wp-element-button\" href=\"https:\/\/www.assorpdemaistre.wordpress.lemarie.it\/wp-content\/uploads\/2026\/04\/Reglement-Interieur-adopte-le-4-avril-2022.pdf\" style=\"background-color:#000000\">T\u00e9l\u00e9charger<\/a><\/div>\n<\/div>\n<\/div>\n\n\n\n<div class=\"wp-block-column is-vertically-aligned-center has-text-color has-background has-link-color wp-elements-27b362c62f3b4914380eba34a67c70da is-layout-flow wp-block-column-is-layout-flow\" style=\"color:#000000;background-color:#d1d1e1;padding-top:2em;padding-right:2em;padding-bottom:2em;padding-left:2em\">\n<h2 class=\"wp-block-heading\" id=\"family\" style=\"font-size:40px\"><strong>Statuts<\/strong><\/h2>\n\n\n\n<p class=\"has-normal-font-size\" style=\"line-height:1.5\"><strong>Sign\u00e9s le 17 juin 2021<\/strong><\/p>\n\n\n\n<hr class=\"wp-block-separator has-css-opacity is-style-wide\"\/>\n\n\n\n<div class=\"wp-block-buttons alignfull is-horizontal is-content-justification-center is-layout-flex wp-container-core-buttons-is-layout-499968f5 wp-block-buttons-is-layout-flex\">\n<div class=\"wp-block-button has-custom-width wp-block-button__width-100 is-style-fill\"><a class=\"wp-block-button__link has-white-color has-text-color has-background no-border-radius wp-element-button\" href=\"https:\/\/www.assorpdemaistre.wordpress.lemarie.it\/wp-content\/uploads\/2026\/04\/Statuts-17-juin-2021-signes.pdf\" style=\"background-color:#000000\">T\u00e9l\u00e9charger<\/a><\/div>\n<\/div>\n<\/div>\n\n\n\n<div class=\"wp-block-column is-vertically-aligned-center has-text-color has-background has-link-color wp-elements-309103e4f9f84cc9ef0c8bc9ebd0f126 is-layout-flow wp-block-column-is-layout-flow\" style=\"color:#000000;background-color:#c0ebf1;padding-top:2em;padding-right:2em;padding-bottom:2em;padding-left:2em\">\n<h2 class=\"wp-block-heading\" id=\"patron\" style=\"font-size:40px\"><strong>Projet associatif d\u00e9finitif<\/strong><\/h2>\n\n\n\n<p class=\"has-normal-font-size\"><strong>Du 18 mars 2019<\/strong><\/p>\n\n\n\n<hr class=\"wp-block-separator has-css-opacity is-style-wide\"\/>\n\n\n\n<div class=\"wp-block-buttons alignfull is-horizontal is-content-justification-center is-layout-flex wp-container-core-buttons-is-layout-499968f5 wp-block-buttons-is-layout-flex\">\n<div class=\"wp-block-button has-custom-width wp-block-button__width-100\"><a class=\"wp-block-button__link has-white-color has-text-color has-background no-border-radius wp-element-button\" href=\"https:\/\/www.assorpdemaistre.wordpress.lemarie.it\/wp-content\/uploads\/2026\/04\/Projet-associatif-definitif-18-mars-2019.pdf\" style=\"background-color:#000000\">T\u00e9l\u00e9charger<\/a><\/div>\n<\/div>\n<\/div>\n<\/div>\n\n\n\n<hr class=\"wp-block-separator has-alpha-channel-opacity\"\/>\n\n\n\n<div class=\"wp-block-columns alignwide is-layout-flex wp-container-core-columns-is-layout-9d6595d7 wp-block-columns-is-layout-flex\">\n<div class=\"wp-block-column is-layout-flow wp-block-column-is-layout-flow\" style=\"flex-basis:25%\">\n<figure class=\"wp-block-image size-large\"><img loading=\"lazy\" decoding=\"async\" width=\"1024\" height=\"768\" src=\"https:\/\/www.assorpdemaistre.wordpress.lemarie.it\/wp-content\/uploads\/2026\/04\/dame-neuf-1024x768.jpg\" alt=\"\" class=\"wp-image-1064\" srcset=\"https:\/\/www.assorpdemaistre.wordpress.lemarie.it\/wp-content\/uploads\/2026\/04\/dame-neuf-1024x768.jpg 1024w, https:\/\/www.assorpdemaistre.wordpress.lemarie.it\/wp-content\/uploads\/2026\/04\/dame-neuf-300x225.jpg 300w, https:\/\/www.assorpdemaistre.wordpress.lemarie.it\/wp-content\/uploads\/2026\/04\/dame-neuf-768x576.jpg 768w, https:\/\/www.assorpdemaistre.wordpress.lemarie.it\/wp-content\/uploads\/2026\/04\/dame-neuf-1536x1152.jpg 1536w, https:\/\/www.assorpdemaistre.wordpress.lemarie.it\/wp-content\/uploads\/2026\/04\/dame-neuf-1440x1080.jpg 1440w, https:\/\/www.assorpdemaistre.wordpress.lemarie.it\/wp-content\/uploads\/2026\/04\/dame-neuf.jpg 2048w\" sizes=\"auto, (max-width: 1024px) 100vw, 1024px\" \/><\/figure>\n\n\n\n<h2 class=\"wp-block-heading\">Projet associatif<\/h2>\n\n\n\n<p><\/p>\n\n\n\n<div class=\"wp-block-buttons is-content-justification-center is-layout-flex wp-container-core-buttons-is-layout-16018d1d wp-block-buttons-is-layout-flex\">\n<div class=\"wp-block-button\"><a class=\"wp-block-button__link wp-element-button\" href=\"https:\/\/www.assorpdemaistre.wordpress.lemarie.it\/index.php\/https:\/\/www.assorpdemaistre.wordpress.lemarie.it\/index.php\/projet-associatif\">En savoir plus<\/a><\/div>\n<\/div>\n\n\n\n<p><\/p>\n<\/div>\n\n\n\n<div class=\"wp-block-column is-vertically-aligned-center is-layout-flow wp-block-column-is-layout-flow\" style=\"flex-basis:45%\">\n<h2 class=\"wp-block-heading\">Fonctionnement de la vie associative<\/h2>\n\n\n\n<p><\/p>\n\n\n\n<div class=\"wp-block-buttons is-content-justification-center is-layout-flex wp-container-core-buttons-is-layout-16018d1d wp-block-buttons-is-layout-flex\">\n<div class=\"wp-block-button\"><a class=\"wp-block-button__link wp-element-button\" href=\"https:\/\/www.assorpdemaistre.wordpress.lemarie.it\/index.php\/https:\/\/www.assorpdemaistre.wordpress.lemarie.it\/index.php\/fonctionnement-de-la-vie-associative\">En savoir plus<\/a><\/div>\n<\/div>\n\n\n\n<p><\/p>\n\n\n\n<figure class=\"wp-block-image size-large is-style-default\"><img loading=\"lazy\" decoding=\"async\" width=\"1024\" height=\"768\" src=\"https:\/\/www.assorpdemaistre.wordpress.lemarie.it\/wp-content\/uploads\/2026\/03\/enfant-flou-1024x768.jpg\" alt=\"\" class=\"wp-image-328\" srcset=\"https:\/\/www.assorpdemaistre.wordpress.lemarie.it\/wp-content\/uploads\/2026\/03\/enfant-flou-1024x768.jpg 1024w, https:\/\/www.assorpdemaistre.wordpress.lemarie.it\/wp-content\/uploads\/2026\/03\/enfant-flou-300x225.jpg 300w, https:\/\/www.assorpdemaistre.wordpress.lemarie.it\/wp-content\/uploads\/2026\/03\/enfant-flou-768x576.jpg 768w, https:\/\/www.assorpdemaistre.wordpress.lemarie.it\/wp-content\/uploads\/2026\/03\/enfant-flou-1536x1152.jpg 1536w, https:\/\/www.assorpdemaistre.wordpress.lemarie.it\/wp-content\/uploads\/2026\/03\/enfant-flou-2048x1536.jpg 2048w, https:\/\/www.assorpdemaistre.wordpress.lemarie.it\/wp-content\/uploads\/2026\/03\/enfant-flou-1440x1080.jpg 1440w\" sizes=\"auto, (max-width: 1024px) 100vw, 1024px\" \/><\/figure>\n\n\n\n<div style=\"height:141px\" aria-hidden=\"true\" class=\"wp-block-spacer\"><\/div>\n<\/div>\n\n\n\n<div class=\"wp-block-column is-vertically-aligned-bottom is-layout-flow wp-block-column-is-layout-flow\" style=\"flex-basis:25%\">\n<div style=\"height:141px\" aria-hidden=\"true\" class=\"wp-block-spacer\"><\/div>\n\n\n\n<figure class=\"wp-block-image size-large is-style-default\"><img loading=\"lazy\" decoding=\"async\" width=\"768\" height=\"1024\" src=\"https:\/\/www.assorpdemaistre.wordpress.lemarie.it\/wp-content\/uploads\/2026\/04\/dame-parc-768x1024.jpg\" alt=\"\" class=\"wp-image-1065\" srcset=\"https:\/\/www.assorpdemaistre.wordpress.lemarie.it\/wp-content\/uploads\/2026\/04\/dame-parc-768x1024.jpg 768w, https:\/\/www.assorpdemaistre.wordpress.lemarie.it\/wp-content\/uploads\/2026\/04\/dame-parc-225x300.jpg 225w, https:\/\/www.assorpdemaistre.wordpress.lemarie.it\/wp-content\/uploads\/2026\/04\/dame-parc-1152x1536.jpg 1152w, https:\/\/www.assorpdemaistre.wordpress.lemarie.it\/wp-content\/uploads\/2026\/04\/dame-parc-1536x2048.jpg 1536w, https:\/\/www.assorpdemaistre.wordpress.lemarie.it\/wp-content\/uploads\/2026\/04\/dame-parc-1024x1365.jpg 1024w, https:\/\/www.assorpdemaistre.wordpress.lemarie.it\/wp-content\/uploads\/2026\/04\/dame-parc-810x1080.jpg 810w, https:\/\/www.assorpdemaistre.wordpress.lemarie.it\/wp-content\/uploads\/2026\/04\/dame-parc-scaled.jpg 1920w\" sizes=\"auto, (max-width: 768px) 100vw, 768px\" \/><\/figure>\n\n\n\n<h2 class=\"wp-block-heading\">Rapport moral<\/h2>\n\n\n\n<p><\/p>\n\n\n\n<div class=\"wp-block-buttons is-content-justification-center is-layout-flex wp-container-core-buttons-is-layout-16018d1d wp-block-buttons-is-layout-flex\">\n<div class=\"wp-block-button\"><a class=\"wp-block-button__link wp-element-button\" href=\"https:\/\/www.assorpdemaistre.wordpress.lemarie.it\/index.php\/https:\/\/www.assorpdemaistre.wordpress.lemarie.it\/index.php\/rapport-moral\">En savoir plus<\/a><\/div>\n<\/div>\n\n\n\n<p><\/p>\n<\/div>\n<\/div>\n\n\n\n<hr class=\"wp-block-separator has-css-opacity is-style-default\"\/>\n\n\n<div class=\"wp-block-image\">\n<figure class=\"aligncenter size-large is-resized\"><img loading=\"lazy\" decoding=\"async\" width=\"1024\" height=\"501\" src=\"https:\/\/www.assorpdemaistre.wordpress.lemarie.it\/wp-content\/uploads\/2026\/04\/Banner_Histoire-1-1024x501.jpg\" alt=\"\" class=\"wp-image-880\" style=\"aspect-ratio:2.0438543301655665;width:640px;height:auto\" srcset=\"https:\/\/www.assorpdemaistre.wordpress.lemarie.it\/wp-content\/uploads\/2026\/04\/Banner_Histoire-1-1024x501.jpg 1024w, https:\/\/www.assorpdemaistre.wordpress.lemarie.it\/wp-content\/uploads\/2026\/04\/Banner_Histoire-1-300x147.jpg 300w, https:\/\/www.assorpdemaistre.wordpress.lemarie.it\/wp-content\/uploads\/2026\/04\/Banner_Histoire-1-768x376.jpg 768w, https:\/\/www.assorpdemaistre.wordpress.lemarie.it\/wp-content\/uploads\/2026\/04\/Banner_Histoire-1-1536x752.jpg 1536w, https:\/\/www.assorpdemaistre.wordpress.lemarie.it\/wp-content\/uploads\/2026\/04\/Banner_Histoire-1-2048x1003.jpg 2048w, https:\/\/www.assorpdemaistre.wordpress.lemarie.it\/wp-content\/uploads\/2026\/04\/Banner_Histoire-1-1920x940.jpg 1920w\" sizes=\"auto, (max-width: 1024px) 100vw, 1024px\" \/><\/figure>\n<\/div>\n\n\n<blockquote class=\"wp-block-quote has-text-align-center is-style-large is-layout-flow wp-block-quote-is-layout-flow\">\n<p>Fond\u00e9e \u00e0 Paris en 1906 par le R\u00e9v\u00e9rend P\u00e8re Joseph de Maistre&#8230;.<\/p>\n<\/blockquote>\n\n\n\n<div class=\"wp-block-buttons is-content-justification-center is-layout-flex wp-container-core-buttons-is-layout-16018d1d wp-block-buttons-is-layout-flex\">\n<div class=\"wp-block-button\"><a class=\"wp-block-button__link wp-element-button\" href=\"https:\/\/www.assorpdemaistre.wordpress.lemarie.it\/index.php\/histoire\">En savoir plus<\/a><\/div>\n<\/div>\n\n\n\n<p><\/p>\n\n\n\n<hr class=\"wp-block-separator has-css-opacity is-style-default\"\/>\n\n\n\n<p><\/p>\n","protected":false},"excerpt":{"rendered":"<p>L\u2019association rp&nbsp;de Maistre est une Association, loi 1901, reconnue d\u2019utilit\u00e9 publique. \u2013&nbsp;Propri\u00e9taire&nbsp;du terrain et des locaux qu\u2019elle met gracieusement \u00e0 la disposition du DAME, \u00e9tablissement priv\u00e9, la\u00efc,&nbsp;du secteur sanitaire et social. \u2013&nbsp;G\u00e8re et anime&nbsp;cet \u00e9tablissement avec la participation de l\u2019Etat, et l\u2019ensemble des professionnels dont elle nomme le personnel d\u2019encadrement. \u2013&nbsp;Associ\u00e9e&nbsp;au conseil de la Vie&hellip; <br \/> <a class=\"button small blue\" href=\"https:\/\/www.assorpdemaistre.wordpress.lemarie.it\/index.php\/asso\/\">Lire la suite<\/a><\/p>\n","protected":false},"author":1,"featured_media":0,"parent":0,"menu_order":0,"comment_status":"closed","ping_status":"closed","template":"","meta":{"footnotes":""},"class_list":["post-400","page","type-page","status-publish","hentry"],"_links":{"self":[{"href":"https:\/\/www.assorpdemaistre.wordpress.lemarie.it\/index.php\/wp-json\/wp\/v2\/pages\/400","targetHints":{"allow":["GET"]}}],"collection":[{"href":"https:\/\/www.assorpdemaistre.wordpress.lemarie.it\/index.php\/wp-json\/wp\/v2\/pages"}],"about":[{"href":"https:\/\/www.assorpdemaistre.wordpress.lemarie.it\/index.php\/wp-json\/wp\/v2\/types\/page"}],"author":[{"embeddable":true,"href":"https:\/\/www.assorpdemaistre.wordpress.lemarie.it\/index.php\/wp-json\/wp\/v2\/users\/1"}],"replies":[{"embeddable":true,"href":"https:\/\/www.assorpdemaistre.wordpress.lemarie.it\/index.php\/wp-json\/wp\/v2\/comments?post=400"}],"version-history":[{"count":32,"href":"https:\/\/www.assorpdemaistre.wordpress.lemarie.it\/index.php\/wp-json\/wp\/v2\/pages\/400\/revisions"}],"predecessor-version":[{"id":1078,"href":"https:\/\/www.assorpdemaistre.wordpress.lemarie.it\/index.php\/wp-json\/wp\/v2\/pages\/400\/revisions\/1078"}],"wp:attachment":[{"href":"https:\/\/www.assorpdemaistre.wordpress.lemarie.it\/index.php\/wp-json\/wp\/v2\/media?parent=400"}],"curies":[{"name":"wp","href":"https:\/\/api.w.org\/{rel}","templated":true}]}}