{"id":790,"date":"2026-04-12T20:43:13","date_gmt":"2026-04-12T18:43:13","guid":{"rendered":"https:\/\/www.assorpdemaistre.wordpress.lemarie.it\/?page_id=790"},"modified":"2026-04-19T22:05:16","modified_gmt":"2026-04-19T20:05:16","slug":"enfance-exterieur","status":"publish","type":"page","link":"https:\/\/www.assorpdemaistre.wordpress.lemarie.it\/index.php\/enfance-exterieur\/","title":{"rendered":"Enfance ext\u00e9rieur"},"content":{"rendered":"\n<div class=\"wp-block-cover alignfull is-light\" style=\"margin-top:0;padding-top:5vw;padding-right:5vw;padding-bottom:5vw;padding-left:5vw\"><span aria-hidden=\"true\" class=\"wp-block-cover__background has-background-dim-100 has-background-dim\" style=\"background-color:#e68b14\"><\/span><div class=\"wp-block-cover__inner-container is-layout-flow wp-block-cover-is-layout-flow\">\n<div class=\"wp-block-group is-layout-flex wp-container-core-group-is-layout-87ee99ac wp-block-group-is-layout-flex\">\n<div class=\"wp-block-group wp-container-content-8eb0bdf3\"><div class=\"wp-block-group__inner-container is-layout-flow wp-block-group-is-layout-flow\">\n<p class=\"wp-container-content-aeb25491\" style=\"font-size:17px;font-style:normal;font-weight:300;letter-spacing:0px;line-height:1.4;text-decoration:none;text-transform:none\">Let &#8217;em Roll is an album by American organist Big John Patton recorded in 1965 and released on the Blue Note label.<\/p>\n\n\n\n<div class=\"wp-block-buttons is-layout-flex wp-block-buttons-is-layout-flex\">\n<div class=\"wp-block-button\"><a class=\"wp-block-button__link has-white-color has-black-background-color has-text-color has-background has-custom-font-size wp-element-button\" style=\"border-radius:0px;border-top-style:none;border-top-width:0px;border-right-style:none;border-right-width:0px;border-bottom-style:none;border-bottom-width:0px;border-left-style:none;border-left-width:0px;padding-top:14px;padding-right:36px;padding-bottom:14px;padding-left:36px;font-size:17px;font-style:normal;font-weight:700;letter-spacing:0px;text-decoration:none;text-transform:uppercase\">Shop Now<\/a><\/div>\n<\/div>\n<\/div><\/div>\n\n\n\n<div class=\"wp-block-group wp-container-content-9cfa9a5a\"><div class=\"wp-block-group__inner-container is-layout-flow wp-block-group-is-layout-flow\">\n<p class=\"has-text-align-right has-black-color has-text-color\" style=\"font-size:148px;font-style:normal;font-weight:700;letter-spacing:-4px;line-height:0.8;text-transform:uppercase\">Let<br>&lsquo;EM<br>Roll<\/p>\n\n\n\n<p class=\"has-text-align-right has-white-color has-text-color\" style=\"font-size:148px;font-style:normal;font-weight:700;letter-spacing:-4px;line-height:0.8;text-transform:uppercase\">Big<br>John<br>Patton<\/p>\n<\/div><\/div>\n<\/div>\n<\/div><\/div>\n\n\n\n<div class=\"wp-block-cover alignfull wp-duotone-rgb4448102-ffb23d-1\" style=\"margin-top:0;padding-top:4vw;padding-right:4vw;padding-bottom:4vw;padding-left:4vw;min-height:50vh;aspect-ratio:unset;\"><img decoding=\"async\" class=\"wp-block-cover__image-background wp-image-334\" alt=\"\" src=\"https:\/\/pd.w.org\/2022\/01\/2661f82cd1ba9172.16386413.jpg\" data-object-fit=\"cover\"\/><span aria-hidden=\"true\" class=\"wp-block-cover__background has-background-dim-90 has-background-dim\" style=\"background-color:#2c3066\"><\/span><div class=\"wp-block-cover__inner-container is-layout-flow wp-block-cover-is-layout-flow\">\n<div class=\"wp-block-group\"><div class=\"wp-block-group__inner-container is-layout-flow wp-block-group-is-layout-flow\">\n<p class=\"has-text-align-center has-text-color\" style=\"color:#ffb23d;font-size:160px;font-style:normal;font-weight:700;letter-spacing:-2px;line-height:0.9;text-transform:uppercase\">Enjoy<\/p>\n\n\n\n<p class=\"has-text-align-center has-text-color\" style=\"color:#ffb23d;font-size:160px;font-style:normal;font-weight:700;letter-spacing:-2px;line-height:0.9;text-transform:uppercase\">20% Off<\/p>\n\n\n\n<div style=\"height:48px\" aria-hidden=\"true\" class=\"wp-block-spacer\"><\/div>\n\n\n\n<div class=\"wp-block-buttons is-content-justification-center is-layout-flex wp-container-core-buttons-is-layout-16018d1d wp-block-buttons-is-layout-flex\">\n<div class=\"wp-block-button\"><a class=\"wp-block-button__link has-text-color has-background has-custom-font-size wp-element-button\" style=\"color:#2c3066;background-color:#ffb23d;padding-top:32px;padding-right:48px;padding-bottom:32px;padding-left:48px;font-size:20px;font-style:normal;font-weight:700;letter-spacing:1px;text-transform:uppercase\">Shop Now<\/a><\/div>\n<\/div>\n<\/div><\/div>\n<\/div><\/div>\n\n\n\n<div class=\"wp-block-columns alignfull has-text-color has-background is-layout-flex wp-container-core-columns-is-layout-9d6595d7 wp-block-columns-is-layout-flex\" style=\"color:#000000;background-color:#ffffff\">\n<div class=\"wp-block-column is-layout-flow wp-block-column-is-layout-flow\">\n<h3 class=\"wp-block-heading\" style=\"font-size:24px;line-height:1.3\"><strong><a href=\"http:\/\/wordpress.org\">Visite virtuelle \u2197<\/a><\/strong><\/h3>\n\n\n\n<p>Parcourez le mus\u00e9e depuis votre ordinateur. Id\u00e9al pour les \u00e9coles et les \u00e9v\u00e9nements.<\/p>\n<\/div>\n\n\n\n<div class=\"wp-block-column is-layout-flow wp-block-column-is-layout-flow\">\n<h3 class=\"wp-block-heading\" style=\"font-size:24px;line-height:1.3\"><strong><a href=\"https:\/\/wordpress.org\">Expos actuelles \u2197<\/a><\/strong><\/h3>\n\n\n\n<p>Suivez nos actualit\u00e9s et parcourez nos expositions en cours ici.<\/p>\n<\/div>\n\n\n\n<div class=\"wp-block-column is-layout-flow wp-block-column-is-layout-flow\">\n<h3 class=\"wp-block-heading\" style=\"font-size:24px;line-height:1.3\"><strong><a href=\"https:\/\/wordpress.org\">Infos utiles \u2197<\/a><\/strong><\/h3>\n\n\n\n<p>D\u00e9couvrez nos horaires d\u2019ouverture, les prix des billets et les r\u00e9ductions.<\/p>\n<\/div>\n<\/div>\n","protected":false},"excerpt":{"rendered":"<p>Visite virtuelle \u2197 Parcourez le mus\u00e9e depuis votre ordinateur. Id\u00e9al pour les \u00e9coles et les \u00e9v\u00e9nements. Expos actuelles \u2197 Suivez nos actualit\u00e9s et parcourez nos expositions en cours ici. Infos utiles \u2197 D\u00e9couvrez nos horaires d\u2019ouverture, les prix des billets et les r\u00e9ductions.<\/p>\n","protected":false},"author":1,"featured_media":0,"parent":0,"menu_order":0,"comment_status":"closed","ping_status":"closed","template":"","meta":{"footnotes":""},"class_list":["post-790","page","type-page","status-publish","hentry"],"_links":{"self":[{"href":"https:\/\/www.assorpdemaistre.wordpress.lemarie.it\/index.php\/wp-json\/wp\/v2\/pages\/790","targetHints":{"allow":["GET"]}}],"collection":[{"href":"https:\/\/www.assorpdemaistre.wordpress.lemarie.it\/index.php\/wp-json\/wp\/v2\/pages"}],"about":[{"href":"https:\/\/www.assorpdemaistre.wordpress.lemarie.it\/index.php\/wp-json\/wp\/v2\/types\/page"}],"author":[{"embeddable":true,"href":"https:\/\/www.assorpdemaistre.wordpress.lemarie.it\/index.php\/wp-json\/wp\/v2\/users\/1"}],"replies":[{"embeddable":true,"href":"https:\/\/www.assorpdemaistre.wordpress.lemarie.it\/index.php\/wp-json\/wp\/v2\/comments?post=790"}],"version-history":[{"count":2,"href":"https:\/\/www.assorpdemaistre.wordpress.lemarie.it\/index.php\/wp-json\/wp\/v2\/pages\/790\/revisions"}],"predecessor-version":[{"id":1087,"href":"https:\/\/www.assorpdemaistre.wordpress.lemarie.it\/index.php\/wp-json\/wp\/v2\/pages\/790\/revisions\/1087"}],"wp:attachment":[{"href":"https:\/\/www.assorpdemaistre.wordpress.lemarie.it\/index.php\/wp-json\/wp\/v2\/media?parent=790"}],"curies":[{"name":"wp","href":"https:\/\/api.w.org\/{rel}","templated":true}]}}