{"id":903,"date":"2026-04-14T22:47:35","date_gmt":"2026-04-14T20:47:35","guid":{"rendered":"https:\/\/www.assorpdemaistre.wordpress.lemarie.it\/?page_id=903"},"modified":"2026-04-15T19:14:21","modified_gmt":"2026-04-15T17:14:21","slug":"projet-associatif","status":"publish","type":"page","link":"https:\/\/www.assorpdemaistre.wordpress.lemarie.it\/index.php\/projet-associatif\/","title":{"rendered":"Projet associatif"},"content":{"rendered":"<div class=\"wp-block-image\">\n<figure class=\"aligncenter size-large is-resized\"><img loading=\"lazy\" decoding=\"async\" width=\"1024\" height=\"683\" src=\"https:\/\/www.assorpdemaistre.wordpress.lemarie.it\/wp-content\/uploads\/2026\/04\/support-associatif-1024x683.jpg\" alt=\"\" class=\"wp-image-955\" style=\"aspect-ratio:1.4992860651486386;width:601px;height:auto\" srcset=\"https:\/\/www.assorpdemaistre.wordpress.lemarie.it\/wp-content\/uploads\/2026\/04\/support-associatif-1024x683.jpg 1024w, https:\/\/www.assorpdemaistre.wordpress.lemarie.it\/wp-content\/uploads\/2026\/04\/support-associatif-300x200.jpg 300w, https:\/\/www.assorpdemaistre.wordpress.lemarie.it\/wp-content\/uploads\/2026\/04\/support-associatif-768x512.jpg 768w, https:\/\/www.assorpdemaistre.wordpress.lemarie.it\/wp-content\/uploads\/2026\/04\/support-associatif-1536x1024.jpg 1536w, https:\/\/www.assorpdemaistre.wordpress.lemarie.it\/wp-content\/uploads\/2026\/04\/support-associatif-2048x1366.jpg 2048w, https:\/\/www.assorpdemaistre.wordpress.lemarie.it\/wp-content\/uploads\/2026\/04\/support-associatif-1620x1080.jpg 1620w\" sizes=\"auto, (max-width: 1024px) 100vw, 1024px\" \/><\/figure>\n<\/div>\n\n\n<p>L\u2019Association RP de Maistre prend en charge au sein du Dispositif d\u2019Accompagnement M\u00e9dico Educatif (DAME) de Beaumesnil dans l\u2019Eure, quelques 80 jeunes de 6 \u00e0 20 ans, atteints de d\u00e9ficience mentale avec troubles associ\u00e9s, ou souffrant du trouble du syndrome de l\u2019autisme.<\/p>\n\n\n\n<h2 class=\"wp-block-heading\"><\/h2>\n\n\n<div class=\"wp-block-image\">\n<figure class=\"aligncenter size-large is-resized\"><img loading=\"lazy\" decoding=\"async\" width=\"1024\" height=\"657\" src=\"https:\/\/www.assorpdemaistre.wordpress.lemarie.it\/wp-content\/uploads\/2026\/04\/Design-sans-titre2-1024x657.jpg\" alt=\"\" class=\"wp-image-958\" style=\"aspect-ratio:1.558589233880366;width:624px;height:auto\" srcset=\"https:\/\/www.assorpdemaistre.wordpress.lemarie.it\/wp-content\/uploads\/2026\/04\/Design-sans-titre2-1024x657.jpg 1024w, https:\/\/www.assorpdemaistre.wordpress.lemarie.it\/wp-content\/uploads\/2026\/04\/Design-sans-titre2-300x192.jpg 300w, https:\/\/www.assorpdemaistre.wordpress.lemarie.it\/wp-content\/uploads\/2026\/04\/Design-sans-titre2-768x493.jpg 768w, https:\/\/www.assorpdemaistre.wordpress.lemarie.it\/wp-content\/uploads\/2026\/04\/Design-sans-titre2.jpg 1057w\" sizes=\"auto, (max-width: 1024px) 100vw, 1024px\" \/><\/figure>\n<\/div>\n\n\n<h2 class=\"wp-block-heading\"><\/h2>\n\n\n\n<p>Nous sommes fondamentalement confiants dans l\u2019homme et dans sa g\u00e9n\u00e9rosit\u00e9, surtout lorsqu\u2019il s\u2019agit de d\u00e9fendre une cause juste, visant \u00e0&nbsp; donner \u00e0 chacun ses chances. Dans cet esprit, nous consid\u00e9rons qu\u2019au sein de nos soci\u00e9t\u00e9s, le handicap est toujours un facteur dominant de d\u00e9s\u00e9quilibre et que nous devons&nbsp;y rem\u00e9dier.<\/p>\n\n\n\n<p>L\u2019association au travers du Dispositif d\u2019Accompagnement M\u00e9dico-Educatif (DAME) a pour mission d\u2019accueillir des jeunes avec handicaps, de leur donner, par un encadrement sp\u00e9cialis\u00e9 et adapt\u00e9, une autonomie de vie la plus large possible en fonction de leur capacit\u00e9 individuelle en favorisant ainsi leur insertion dans la vie scolaire et professionnelle.<\/p>\n\n\n\n<p><\/p>\n","protected":false},"excerpt":{"rendered":"<p>L\u2019Association RP de Maistre prend en charge au sein du Dispositif d\u2019Accompagnement M\u00e9dico Educatif (DAME) de Beaumesnil dans l\u2019Eure, quelques 80 jeunes de 6 \u00e0 20 ans, atteints de d\u00e9ficience mentale avec troubles associ\u00e9s, ou souffrant du trouble du syndrome de l\u2019autisme. Nous sommes fondamentalement confiants dans l\u2019homme et dans sa g\u00e9n\u00e9rosit\u00e9, surtout lorsqu\u2019il s\u2019agit&hellip; <br \/> <a class=\"button small blue\" href=\"https:\/\/www.assorpdemaistre.wordpress.lemarie.it\/index.php\/projet-associatif\/\">Lire la suite<\/a><\/p>\n","protected":false},"author":1,"featured_media":0,"parent":0,"menu_order":0,"comment_status":"closed","ping_status":"closed","template":"","meta":{"footnotes":""},"class_list":["post-903","page","type-page","status-publish","hentry"],"_links":{"self":[{"href":"https:\/\/www.assorpdemaistre.wordpress.lemarie.it\/index.php\/wp-json\/wp\/v2\/pages\/903","targetHints":{"allow":["GET"]}}],"collection":[{"href":"https:\/\/www.assorpdemaistre.wordpress.lemarie.it\/index.php\/wp-json\/wp\/v2\/pages"}],"about":[{"href":"https:\/\/www.assorpdemaistre.wordpress.lemarie.it\/index.php\/wp-json\/wp\/v2\/types\/page"}],"author":[{"embeddable":true,"href":"https:\/\/www.assorpdemaistre.wordpress.lemarie.it\/index.php\/wp-json\/wp\/v2\/users\/1"}],"replies":[{"embeddable":true,"href":"https:\/\/www.assorpdemaistre.wordpress.lemarie.it\/index.php\/wp-json\/wp\/v2\/comments?post=903"}],"version-history":[{"count":5,"href":"https:\/\/www.assorpdemaistre.wordpress.lemarie.it\/index.php\/wp-json\/wp\/v2\/pages\/903\/revisions"}],"predecessor-version":[{"id":961,"href":"https:\/\/www.assorpdemaistre.wordpress.lemarie.it\/index.php\/wp-json\/wp\/v2\/pages\/903\/revisions\/961"}],"wp:attachment":[{"href":"https:\/\/www.assorpdemaistre.wordpress.lemarie.it\/index.php\/wp-json\/wp\/v2\/media?parent=903"}],"curies":[{"name":"wp","href":"https:\/\/api.w.org\/{rel}","templated":true}]}}