{"id":905,"date":"2026-04-14T22:48:40","date_gmt":"2026-04-14T20:48:40","guid":{"rendered":"https:\/\/www.assorpdemaistre.wordpress.lemarie.it\/?page_id=905"},"modified":"2026-04-15T17:18:11","modified_gmt":"2026-04-15T15:18:11","slug":"fonctionnement-de-la-vie-associative","status":"publish","type":"page","link":"https:\/\/www.assorpdemaistre.wordpress.lemarie.it\/index.php\/fonctionnement-de-la-vie-associative\/","title":{"rendered":"Fonctionnement de la vie associative"},"content":{"rendered":"\n<p>Lors de notre derni\u00e8re Assembl\u00e9e G\u00e9n\u00e9rale, les nouveaux membres du Conseil d\u2019administration ont \u00e9t\u00e9 \u00e9lus.<br>Onze administrateurs sur la photo ci jointe. Une \u00e9quipe fortement motiv\u00e9e, pour faire face aux challenges \u00e0 venir. Nous comptons sur votre soutien.<\/p>\n\n\n\n<h4 class=\"wp-block-heading has-text-align-center\"><strong>Gildas de Kerprigent<\/strong><\/h4>\n\n\n\n<figure class=\"wp-block-image size-large\"><img loading=\"lazy\" decoding=\"async\" width=\"1024\" height=\"585\" src=\"https:\/\/www.assorpdemaistre.wordpress.lemarie.it\/wp-content\/uploads\/2026\/04\/photo-conseil-1024x585.jpg\" alt=\"\" class=\"wp-image-937\" srcset=\"https:\/\/www.assorpdemaistre.wordpress.lemarie.it\/wp-content\/uploads\/2026\/04\/photo-conseil-1024x585.jpg 1024w, https:\/\/www.assorpdemaistre.wordpress.lemarie.it\/wp-content\/uploads\/2026\/04\/photo-conseil-300x171.jpg 300w, https:\/\/www.assorpdemaistre.wordpress.lemarie.it\/wp-content\/uploads\/2026\/04\/photo-conseil-768x439.jpg 768w, https:\/\/www.assorpdemaistre.wordpress.lemarie.it\/wp-content\/uploads\/2026\/04\/photo-conseil-1536x877.jpg 1536w, https:\/\/www.assorpdemaistre.wordpress.lemarie.it\/wp-content\/uploads\/2026\/04\/photo-conseil-1890x1080.jpg 1890w, https:\/\/www.assorpdemaistre.wordpress.lemarie.it\/wp-content\/uploads\/2026\/04\/photo-conseil.jpg 1985w\" sizes=\"auto, (max-width: 1024px) 100vw, 1024px\" \/><\/figure>\n\n\n\n<p><\/p>\n\n\n\n<p>L\u2019association est g\u00e9r\u00e9e par un conseil d\u2019administration dont le nombre des membres est compris entre 7 membres au moins et 24 au plus, \u00e9lus pour 6 ans. Le renouvellement du conseil a lieu par tiers tous les deux ans. Les membres sortants sont r\u00e9\u00e9ligibles. Le conseil choisit parmi ses membres un bureau compos\u00e9 d\u2019un pr\u00e9sident, d\u2019un vice-pr\u00e9sident, d\u2019un secr\u00e9taire, d\u2019un tr\u00e9sorier et \u00e9ventuellement d\u2019un tr\u00e9sorier adjoint. Le bureau est \u00e9lu pour un an.<\/p>\n\n\n\n<p data-wp-context---core-fit-text=\"core\/fit-text::{&quot;fontSize&quot;:&quot;&quot;}\" data-wp-init---core-fit-text=\"core\/fit-text::callbacks.init\" data-wp-interactive data-wp-style--font-size=\"core\/fit-text::context.fontSize\" class=\"has-fit-text\"><\/p>\n\n\n\n<hr class=\"wp-block-separator has-alpha-channel-opacity\"\/>\n\n\n\n<p data-wp-context---core-fit-text=\"core\/fit-text::{&quot;fontSize&quot;:&quot;&quot;}\" data-wp-init---core-fit-text=\"core\/fit-text::callbacks.init\" data-wp-interactive data-wp-style--font-size=\"core\/fit-text::context.fontSize\" class=\"has-fit-text\"><\/p>\n\n\n\n<h2 class=\"wp-block-heading\"><strong>Le Conseil d\u2019Administration<\/strong><\/h2>\n\n\n\n<p>Force politique de l\u2019association, le bureau se r\u00e9unit tous les mois et chaque fois que n\u00e9cessaire pour traiter des points suivants :<\/p>\n\n\n\n<ul class=\"wp-block-list\">\n<li>Les projets en cours&nbsp;;\n<ul class=\"wp-block-list\">\n<li>Le fonctionnement des \u00e9tablissements. Ce point d\u2019actualit\u00e9 est r\u00e9alis\u00e9 par le Directeur&nbsp;;<\/li>\n\n\n\n<li>Les arbitrages, en lien avec les commissions&nbsp;;<\/li>\n\n\n\n<li>\u00c9changes sur l\u2019actualit\u00e9 du secteur m\u00e9dico-social.<\/li>\n<\/ul>\n<\/li>\n<\/ul>\n\n\n\n<p data-wp-context---core-fit-text=\"core\/fit-text::{&quot;fontSize&quot;:&quot;&quot;}\" data-wp-init---core-fit-text=\"core\/fit-text::callbacks.init\" data-wp-interactive data-wp-style--font-size=\"core\/fit-text::context.fontSize\" class=\"has-fit-text\"><\/p>\n\n\n\n<p><strong>Les commissions <\/strong>constituent des supports \u00e0 la d\u00e9cision pour le Conseil d\u2019administration et la Direction. Elles abritent des ressources et des comp\u00e9tences compl\u00e9mentaires.<\/p>\n\n\n\n<p>Un responsable pour chacune des commissions est nomm\u00e9 parmi les administrateurs. Leur composition et leur p\u00e9riodicit\u00e9 ne sont pas fix\u00e9es. Elles d\u00e9pendent de la th\u00e9matique \u00e0 traiter.<\/p>\n\n\n\n<p>Les commissions sont sollicit\u00e9es par le CA, le bureau ou la Direction. Un compte-rendu de commission est \u00e9tabli syst\u00e9matiquement.<\/p>\n\n\n\n<p data-wp-context---core-fit-text=\"core\/fit-text::{&quot;fontSize&quot;:&quot;&quot;}\" data-wp-init---core-fit-text=\"core\/fit-text::callbacks.init\" data-wp-interactive data-wp-style--font-size=\"core\/fit-text::context.fontSize\" class=\"has-fit-text\"><\/p>\n\n\n<div class=\"wp-block-image\">\n<figure class=\"aligncenter size-large\"><img loading=\"lazy\" decoding=\"async\" width=\"1024\" height=\"330\" src=\"https:\/\/www.assorpdemaistre.wordpress.lemarie.it\/wp-content\/uploads\/2026\/04\/Fonctionnement-de-la-vie-associative-1024x330.png\" alt=\"\" class=\"wp-image-938\" style=\"aspect-ratio:3.1030659849308333\" srcset=\"https:\/\/www.assorpdemaistre.wordpress.lemarie.it\/wp-content\/uploads\/2026\/04\/Fonctionnement-de-la-vie-associative-1024x330.png 1024w, https:\/\/www.assorpdemaistre.wordpress.lemarie.it\/wp-content\/uploads\/2026\/04\/Fonctionnement-de-la-vie-associative-300x97.png 300w, https:\/\/www.assorpdemaistre.wordpress.lemarie.it\/wp-content\/uploads\/2026\/04\/Fonctionnement-de-la-vie-associative-768x247.png 768w, https:\/\/www.assorpdemaistre.wordpress.lemarie.it\/wp-content\/uploads\/2026\/04\/Fonctionnement-de-la-vie-associative-1536x495.png 1536w, https:\/\/www.assorpdemaistre.wordpress.lemarie.it\/wp-content\/uploads\/2026\/04\/Fonctionnement-de-la-vie-associative.png 1615w\" sizes=\"auto, (max-width: 1024px) 100vw, 1024px\" \/><\/figure>\n<\/div>\n\n\n<p data-wp-context---core-fit-text=\"core\/fit-text::{&quot;fontSize&quot;:&quot;&quot;}\" data-wp-init---core-fit-text=\"core\/fit-text::callbacks.init\" data-wp-interactive data-wp-style--font-size=\"core\/fit-text::context.fontSize\" class=\"has-fit-text\"><\/p>\n\n\n\n<p>Pour accompagner les projets de d\u00e9veloppement de l\u2019association, les administrateurs de RP de MAISTRE ont valid\u00e9 en juin 2019 les statuts, le r\u00e8glement de fonctionnement et le projet associatif actualis\u00e9s de l\u2019Association.<\/p>\n\n\n\n<p>Un Document unique de D\u00e9l\u00e9gation est \u00e9tabli en date du 7 avril 2017 afin de pr\u00e9ciser les d\u00e9l\u00e9gations du CA vers la direction de l\u2019\u00e9tablissement.<\/p>\n\n\n\n<p>Il d\u00e9finit les pr\u00e9rogatives de Franck AUFFRET, directeur du D.A.M.E. de Beaumesnil depuis le 1er janvier 2017.<\/p>\n","protected":false},"excerpt":{"rendered":"<p>Lors de notre derni\u00e8re Assembl\u00e9e G\u00e9n\u00e9rale, les nouveaux membres du Conseil d\u2019administration ont \u00e9t\u00e9 \u00e9lus.Onze administrateurs sur la photo ci jointe. Une \u00e9quipe fortement motiv\u00e9e, pour faire face aux challenges \u00e0 venir. Nous comptons sur votre soutien. Gildas de Kerprigent L\u2019association est g\u00e9r\u00e9e par un conseil d\u2019administration dont le nombre des membres est compris entre&hellip; <br \/> <a class=\"button small blue\" href=\"https:\/\/www.assorpdemaistre.wordpress.lemarie.it\/index.php\/fonctionnement-de-la-vie-associative\/\">Lire la suite<\/a><\/p>\n","protected":false},"author":1,"featured_media":0,"parent":0,"menu_order":0,"comment_status":"closed","ping_status":"closed","template":"","meta":{"footnotes":""},"class_list":["post-905","page","type-page","status-publish","hentry"],"_links":{"self":[{"href":"https:\/\/www.assorpdemaistre.wordpress.lemarie.it\/index.php\/wp-json\/wp\/v2\/pages\/905","targetHints":{"allow":["GET"]}}],"collection":[{"href":"https:\/\/www.assorpdemaistre.wordpress.lemarie.it\/index.php\/wp-json\/wp\/v2\/pages"}],"about":[{"href":"https:\/\/www.assorpdemaistre.wordpress.lemarie.it\/index.php\/wp-json\/wp\/v2\/types\/page"}],"author":[{"embeddable":true,"href":"https:\/\/www.assorpdemaistre.wordpress.lemarie.it\/index.php\/wp-json\/wp\/v2\/users\/1"}],"replies":[{"embeddable":true,"href":"https:\/\/www.assorpdemaistre.wordpress.lemarie.it\/index.php\/wp-json\/wp\/v2\/comments?post=905"}],"version-history":[{"count":12,"href":"https:\/\/www.assorpdemaistre.wordpress.lemarie.it\/index.php\/wp-json\/wp\/v2\/pages\/905\/revisions"}],"predecessor-version":[{"id":950,"href":"https:\/\/www.assorpdemaistre.wordpress.lemarie.it\/index.php\/wp-json\/wp\/v2\/pages\/905\/revisions\/950"}],"wp:attachment":[{"href":"https:\/\/www.assorpdemaistre.wordpress.lemarie.it\/index.php\/wp-json\/wp\/v2\/media?parent=905"}],"curies":[{"name":"wp","href":"https:\/\/api.w.org\/{rel}","templated":true}]}}