{"id":907,"date":"2026-04-14T22:49:16","date_gmt":"2026-04-14T20:49:16","guid":{"rendered":"https:\/\/www.assorpdemaistre.wordpress.lemarie.it\/?page_id=907"},"modified":"2026-04-15T17:32:23","modified_gmt":"2026-04-15T15:32:23","slug":"rapport-moral","status":"publish","type":"page","link":"https:\/\/www.assorpdemaistre.wordpress.lemarie.it\/index.php\/rapport-moral\/","title":{"rendered":"Rapport moral"},"content":{"rendered":"\n<figure class=\"wp-block-image size-large\"><img loading=\"lazy\" decoding=\"async\" width=\"1024\" height=\"640\" src=\"https:\/\/www.assorpdemaistre.wordpress.lemarie.it\/wp-content\/uploads\/2026\/04\/Assemblee-generale-1024x640.jpg\" alt=\"\" class=\"wp-image-951\" srcset=\"https:\/\/www.assorpdemaistre.wordpress.lemarie.it\/wp-content\/uploads\/2026\/04\/Assemblee-generale-1024x640.jpg 1024w, https:\/\/www.assorpdemaistre.wordpress.lemarie.it\/wp-content\/uploads\/2026\/04\/Assemblee-generale-300x188.jpg 300w, https:\/\/www.assorpdemaistre.wordpress.lemarie.it\/wp-content\/uploads\/2026\/04\/Assemblee-generale-768x480.jpg 768w, https:\/\/www.assorpdemaistre.wordpress.lemarie.it\/wp-content\/uploads\/2026\/04\/Assemblee-generale.jpg 1225w\" sizes=\"auto, (max-width: 1024px) 100vw, 1024px\" \/><\/figure>\n\n\n\n<h1 class=\"wp-block-heading\"><em>LE 19 JUIN 2025<\/em><\/h1>\n\n\n\n<p>Chers amis,<\/p>\n\n\n\n<p>Dans un monde malheureusement parcouru par des exclusions de toutes sortes, aussi bien territoriales, morales, politiques, religieuses, et bien d\u2019autres encore, votre association, quant \u00e0 elle, maintient son esprit d\u2019inclusion en faveur des jeunes porteurs de handicap. Elle continue son combat contre l\u2019ostracisme dont ils sont si souvent les victimes.<\/p>\n\n\n\n<p>Depuis 1906 date de cr\u00e9ation de notre association, 119 ans d\u2019existence, notre seule ambition a toujours \u00e9t\u00e9 d\u2019apporter notre aide \u00e0 ceux qui en avaient le plus besoin. &nbsp;Aujourd\u2019hui gr\u00e2ce \u00e0 votre soutien, gr\u00e2ce \u00e0 la confiance et \u00e0 l\u2019aide financi\u00e8re que nous accorde l\u2019ARS, gr\u00e2ce \u00e0 un personnel exceptionnel nourri de sa passion de faire bouger les choses, mais gr\u00e2ce aussi au d\u00e9vouement de nos administrateurs, des actions d\u2019envergure ont pu \u00eatre men\u00e9es sur le terrain pour permettre \u00e0 nos jeunes porteurs de handicap de se faire une place dans la soci\u00e9t\u00e9.<\/p>\n\n\n\n<p>Nous restons une petite association, mais nous ne restons pas immobiles pour autant. Le s\u00e9rieux de notre action, et la confiance que nous inspirons se sont traduits par un d\u00e9veloppement de nos activit\u00e9s, encourag\u00e9s par notre autorit\u00e9 de tutelle mais aussi par la confiance que vous nous avez accord\u00e9e.<\/p>\n\n\n\n<p>2024 c\u2019est la cr\u00e9ation de 3 nouveaux champs d\u2019action, toujours d\u00e9vou\u00e9s au handicap. C\u2019est passer de la prise en charge de 75 jeunes \u00e0 plus de 120 maintenant sous des formes de coop\u00e9ration diverses. Il a fallu bien s\u00fbr &nbsp;recruter plus de 10 salari\u00e9s, et revoir toute notre organisation.<\/p>\n\n\n\n<p>Parall\u00e8lement afin de permettre \u00e0 nos jeunes une ouverture sur le monde professionnel, nous avons d\u00e9velopp\u00e9 des activit\u00e9s parmi lesquelles certains jeunes peuvent s\u2019int\u00e9grer et acqu\u00e9rir l\u2019exp\u00e9rience et la maitrise d\u2019un futur m\u00e9tier. Nous nous sommes dot\u00e9s d\u2019une blanchisserie en mesure de traiter une partie du linge des nombreux g\u00eetes de la r\u00e9gion proche, mais aussi celui des professionnels de la restauration et de l\u2019h\u00f4tellerie. Parall\u00e8lement vous connaissez probablement notre ressourcerie, et plus r\u00e9cemment notre g\u00eete qui vient d\u2019ouvrir et qui propose jusqu\u2019\u00e0 14 couchages. Bien s\u00fbr le but est que nos jeunes puissent y travailler, dans la mesure de leurs moyens, et qu\u2019ils puissent ainsi se construire une exp\u00e9rience valorisante.<\/p>\n\n\n\n<p>C\u2019est un souci constant de notre part de pousser nos activit\u00e9s dans des domaines ou nos jeunes trouvent \u00e0 s\u2019exprimer, pour enfin d\u00e9couvrir tout ce dont ils sont capables. C\u2019est leur donner confiance en eux pour leur permettre d\u2019avoir acc\u00e8s \u00e0 davantage d\u2019ind\u00e9pendance, p<em>eut-<\/em>\u00eatre m\u00eame arriver \u00e0 p\u00e9n\u00e9trer le march\u00e9 du travail. Ne nous leurrons pas, tous n\u2019y acc\u00e8deront pas. Notre action ne restera cependant pas vaine si nous avons su leur inspirer la volont\u00e9 de croire en la valeur qu\u2019ils repr\u00e9sentent.<\/p>\n\n\n\n<p>Monsieur AUFFRET notre directeur g\u00e9n\u00e9ral saura vous parler beaucoup plus savamment que moi, de tout ce qui a \u00e9t\u00e9 entrepris de tr\u00e8s concret en particulier sur 2024. Je lui passe donc la parole. Son intervention sera suivie par celle de nos trois directeurs adjoints chacun en charge de domaines diff\u00e9rents mais bien s\u00fbr tout \u00e0 fait compl\u00e9mentaires.<\/p>\n\n\n\n<p>&nbsp;Si dans tout cela nous ne devions retenir qu\u2019une seule chose, ce serait d\u2019\u00eatre bien convaincu que dans la noirceur de la nuit, ou dans l\u2019angoisse du jour, il y a toujours une p\u00e9pite \u00e0 trouver. C\u2019est ce que nous nous effor\u00e7ons de faire.<\/p>\n\n\n\n<p>Je vous remercie.<\/p>\n","protected":false},"excerpt":{"rendered":"<p>LE 19 JUIN 2025 Chers amis, Dans un monde malheureusement parcouru par des exclusions de toutes sortes, aussi bien territoriales, morales, politiques, religieuses, et bien d\u2019autres encore, votre association, quant \u00e0 elle, maintient son esprit d\u2019inclusion en faveur des jeunes porteurs de handicap. Elle continue son combat contre l\u2019ostracisme dont ils sont si souvent les&hellip; <br \/> <a class=\"button small blue\" href=\"https:\/\/www.assorpdemaistre.wordpress.lemarie.it\/index.php\/rapport-moral\/\">Lire la suite<\/a><\/p>\n","protected":false},"author":1,"featured_media":0,"parent":0,"menu_order":0,"comment_status":"closed","ping_status":"closed","template":"","meta":{"footnotes":""},"class_list":["post-907","page","type-page","status-publish","hentry"],"_links":{"self":[{"href":"https:\/\/www.assorpdemaistre.wordpress.lemarie.it\/index.php\/wp-json\/wp\/v2\/pages\/907","targetHints":{"allow":["GET"]}}],"collection":[{"href":"https:\/\/www.assorpdemaistre.wordpress.lemarie.it\/index.php\/wp-json\/wp\/v2\/pages"}],"about":[{"href":"https:\/\/www.assorpdemaistre.wordpress.lemarie.it\/index.php\/wp-json\/wp\/v2\/types\/page"}],"author":[{"embeddable":true,"href":"https:\/\/www.assorpdemaistre.wordpress.lemarie.it\/index.php\/wp-json\/wp\/v2\/users\/1"}],"replies":[{"embeddable":true,"href":"https:\/\/www.assorpdemaistre.wordpress.lemarie.it\/index.php\/wp-json\/wp\/v2\/comments?post=907"}],"version-history":[{"count":4,"href":"https:\/\/www.assorpdemaistre.wordpress.lemarie.it\/index.php\/wp-json\/wp\/v2\/pages\/907\/revisions"}],"predecessor-version":[{"id":954,"href":"https:\/\/www.assorpdemaistre.wordpress.lemarie.it\/index.php\/wp-json\/wp\/v2\/pages\/907\/revisions\/954"}],"wp:attachment":[{"href":"https:\/\/www.assorpdemaistre.wordpress.lemarie.it\/index.php\/wp-json\/wp\/v2\/media?parent=907"}],"curies":[{"name":"wp","href":"https:\/\/api.w.org\/{rel}","templated":true}]}}